{"id":10053947,"date":"2017-06-09T03:35:01","date_gmt":"2017-06-09T03:35:01","guid":{"rendered":"https:\/\/albaniaexpresstravel.com\/about-us\/"},"modified":"2021-03-02T13:06:12","modified_gmt":"2021-03-02T13:06:12","slug":"ueber-uns","status":"publish","type":"page","link":"https:\/\/albaniaexpresstravel.com\/de\/ueber-uns\/","title":{"rendered":"\u00dcber Uns"},"content":{"rendered":"[vc_row tz_row_type=&#8221;grid&#8221; css=&#8221;.vc_custom_1497004699496{padding-bottom: 51px !important;background-color: #fafafa !important;}&#8221;][vc_column css=&#8221;.vc_custom_1496996563122{padding-right: 0px !important;padding-left: 0px !important;}&#8221;][vc_tweetmeme type=&#8221;follow&#8221; follow_user=&#8221;https:\/\/twitter.com\/alexpresstravel&#8221;][vc_row_inner css=&#8221;.vc_custom_1496997267138{margin-top: 52px !important;}&#8221;][vc_column_inner el_class=&#8221;tz-title-about&#8221;]    <div class=\"tzElement_title \">\r\n        \r\n        <h2 class=\"tzTitle  Tz_align_center\" >\r\n            \u00dcber uns        <\/h2>\r\n\r\n        \r\n    <\/div>\r\n    [\/vc_column_inner][\/vc_row_inner][vc_column_text]\n<p style=\"text-align: center;\">ALBANIA EXPRESS TRAVEL ist ein Reiseb\u00fcro und DMC Balkan Reiseveranstalter mit gro\u00dfer Erfahrung in der Organisation von Gruppenreisen, Unterkunft, Transport, erfahrenen Reiseleitern in verschiedenen Sprachen, Veranstaltungen und Treffen, Trekking-, Wander- und Wandertouren, Ferien in Albanien und seinen Nachbarl\u00e4ndern wie Montenegro, Mazedonien, Kosovo, Kroatien, Serbien und Bosnien und Herzegowina.<\/p>\n<p style=\"text-align: center;\">Wir verf\u00fcgen \u00fcber ein handverlesenes Netzwerk von erstklassigen Hotels, gut ausgebildeten mehrsprachigen Reiseleitern und den besten Transportm\u00f6glichkeiten.<\/p>\n<p style=\"text-align: center;\">Albania Express Travel verf\u00fcgt \u00fcber langj\u00e4hrige Erfahrung und hat sich in der Reisebranche einen Namen f\u00fcr herausragende Leistungen gemacht. Heute sind wir ein starker und wettbewerbsf\u00e4higer Inbound-Reiseveranstalter. Sie k\u00f6nnen sicher sein, dass die Kunden bei Albania Express Travel in guten H\u00e4nden sind..<\/p>\n[\/vc_column_text][\/vc_column][\/vc_row][vc_row tz_row_type=&#8221;grid&#8221;][vc_column css=&#8221;.vc_custom_1497065652303{margin-top: 53px !important;margin-bottom: 55px !important;}&#8221;][vc_row_inner][vc_column_inner el_class=&#8221;tz-about-container&#8221; width=&#8221;1\/2&#8243; css=&#8221;.vc_custom_1498466343292{border-left-width: 4px !important;border-left-color: #fff200 !important;border-left-style: solid !important;}&#8221;][vc_column_text]Sparen Sie Zeit und Energie und lassen Sie uns Ihre gesamte Reise f\u00fcr Sie planen. Hotels, Transport und Touren. Wir bieten zuverl\u00e4ssige Dienstleistungen und k\u00fcmmern uns um alle Ihre Bed\u00fcrfnisse f\u00fcr Ihre n\u00e4chste Reise nach Albanien und in die Balkanl\u00e4nder.[\/vc_column_text][\/vc_column_inner][vc_column_inner el_class=&#8221;tz-about-container&#8221; width=&#8221;1\/2&#8243; css=&#8221;.vc_custom_1498466881231{padding-left: 0px !important;}&#8221; el_id=&#8221;about-offer&#8221;][vc_column_text el_class=&#8221;tz-about-text&#8221; css=&#8221;.vc_custom_1614689557320{margin-bottom: 12px !important;}&#8221;]Reisen in Albanien[\/vc_column_text][vc_column_text el_class=&#8221;tz-about-text&#8221; css=&#8221;.vc_custom_1614689701040{margin-bottom: 12px !important;}&#8221;]Balkan Reisen[\/vc_column_text][vc_column_text el_class=&#8221;tz-about-text&#8221; css=&#8221;.vc_custom_1581603261860{margin-bottom: 12px !important;}&#8221;]Tagesausfl\u00fcge[\/vc_column_text][vc_column_text el_class=&#8221;tz-about-text&#8221; css=&#8221;.vc_custom_1614689746297{margin-bottom: 12px !important;}&#8221;]Autovermietungen[\/vc_column_text][vc_column_text el_class=&#8221;tz-about-text&#8221; css=&#8221;.vc_custom_1614689787174{margin-bottom: 12px !important;}&#8221;]Autotransfer[\/vc_column_text][vc_column_text el_class=&#8221;tz-about-text&#8221;]Unterkunft[\/vc_column_text][\/vc_column_inner][\/vc_row_inner][\/vc_column][\/vc_row][vc_row tz_row_type=&#8221;grid&#8221;][vc_column css=&#8221;.vc_custom_1497068347138{margin-top: 53px !important;margin-bottom: 75px !important;}&#8221;][vc_row_inner][vc_column_inner el_class=&#8221;tz-title-about&#8221; css=&#8221;.vc_custom_1498464399170{margin-bottom: 48px !important;padding-right: 0px !important;padding-left: 0px !important;}&#8221;][vc_column_text]\n<h2 style=\"text-align: center;\">Unesere Partner<\/h2>\n<p style=\"text-align: center;\">Albania Express Travel verf\u00fcgt \u00fcber langj\u00e4hrige Erfahrung, Tausende zufriedener Kunden und ein erweitertes Netzwerk von Gesch\u00e4ftspartnern. Das Unternehmen ist ein Full-Service-Reiseveranstalter, Ihr vertrauensw\u00fcrdiger Partner, der auf die Organisation und Organisation von Reisen spezialisiert ist. Wir bieten umfassende Dienstleistungen, die von Transfer- und Unterkunftsarrangements bis hin zur Organisation von F\u00fchrungen reichen.<\/p>\n[\/vc_column_text][\/vc_column_inner][\/vc_row_inner][vc_row_inner][vc_column_inner el_class=&#8221;tz-about-item&#8221; width=&#8221;1\/4&#8243;][vc_single_image image=&#8221;10053340&#8243; img_size=&#8221;full&#8221; onclick=&#8221;custom_link&#8221; css=&#8221;.vc_custom_1581604241770{border-top-width: 1px !important;border-right-width: 1px !important;border-bottom-width: 1px !important;border-left-width: 1px !important;padding-top: 26px !important;padding-right: 40px !important;padding-bottom: 29px !important;padding-left: 40px !important;border-left-color: #ebebeb !important;border-left-style: solid !important;border-right-color: #ebebeb !important;border-right-style: solid !important;border-top-color: #ebebeb !important;border-top-style: solid !important;border-bottom-color: #ebebeb !important;border-bottom-style: solid !important;}&#8221; link=&#8221;https:\/\/etoa.org\/member-search\/?ms=4&#8243; title=&#8221;ETOA&#8221;][\/vc_column_inner][vc_column_inner el_class=&#8221;tz-about-item&#8221; width=&#8221;1\/4&#8243;][vc_single_image image=&#8221;10053341&#8243; img_size=&#8221;full&#8221; onclick=&#8221;custom_link&#8221; css=&#8221;.vc_custom_1581604230370{border-top-width: 1px !important;border-right-width: 1px !important;border-bottom-width: 1px !important;border-left-width: 1px !important;padding-top: 26px !important;padding-right: 40px !important;padding-bottom: 21px !important;padding-left: 40px !important;border-left-color: #ebebeb !important;border-left-style: solid !important;border-right-color: #ebebeb !important;border-right-style: solid !important;border-top-color: #ebebeb !important;border-top-style: solid !important;border-bottom-color: #ebebeb !important;border-bottom-style: solid !important;}&#8221; title=&#8221;ATU&#8221; link=&#8221;https:\/\/www.facebook.com\/UnioniTuristikShqiptar\/&#8221;][\/vc_column_inner][vc_column_inner el_class=&#8221;tz-about-item&#8221; width=&#8221;1\/4&#8243;][vc_single_image image=&#8221;10053344&#8243; img_size=&#8221;full&#8221; onclick=&#8221;custom_link&#8221; css=&#8221;.vc_custom_1581604785861{border-top-width: 1px !important;border-right-width: 1px !important;border-bottom-width: 1px !important;border-left-width: 1px !important;padding-top: 26px !important;padding-right: 40px !important;padding-bottom: 30px !important;padding-left: 40px !important;border-left-color: #ebebeb !important;border-left-style: solid !important;border-right-color: #ebebeb !important;border-right-style: solid !important;border-top-color: #ebebeb !important;border-top-style: solid !important;border-bottom-color: #ebebeb !important;border-bottom-style: solid !important;}&#8221; link=&#8221;http:\/\/www.mjedisi.gov.al\/agjencite-e-turizmit\/&#8221; title=&#8221;MTM&#8221;][\/vc_column_inner][vc_column_inner el_class=&#8221;tz-about-item&#8221; width=&#8221;1\/4&#8243;][vc_single_image image=&#8221;10053346&#8243; img_size=&#8221;full&#8221; css=&#8221;.vc_custom_1581605042889{border-top-width: 1px !important;border-right-width: 1px !important;border-bottom-width: 1px !important;border-left-width: 1px !important;padding-top: 26px !important;padding-right: 40px !important;padding-bottom: 19px !important;padding-left: 40px !important;border-left-color: #ebebeb !important;border-left-style: solid !important;border-right-color: #ebebeb !important;border-right-style: solid !important;border-top-color: #ebebeb !important;border-top-style: solid !important;border-bottom-color: #ebebeb !important;border-bottom-style: solid !important;}&#8221; title=&#8221;S-T&#8221;][\/vc_column_inner][\/vc_row_inner][\/vc_column][\/vc_row]\n","protected":false},"excerpt":{"rendered":"<p>[vc_row tz_row_type=&#8221;grid&#8221; css=&#8221;.vc_custom_1497004699496{padding-bottom: 51px !important;background-color: #fafafa !important;}&#8221;][vc_column css=&#8221;.vc_custom_1496996563122{padding-right: 0px !important;padding-left: 0px !important;}&#8221;][vc_tweetmeme type=&#8221;follow&#8221; follow_user=&#8221;https:\/\/twitter.com\/alexpresstravel&#8221;][vc_row_inner css=&#8221;.vc_custom_1496997267138{margin-top: 52px !important;}&#8221;][vc_column_inner el_class=&#8221;tz-title-about&#8221;][\/vc_column_inner][\/vc_row_inner][vc_column_text] ALBANIA EXPRESS TRAVEL ist ein Reiseb\u00fcro und DMC Balkan Reiseveranstalter mit gro\u00dfer Erfahrung in der Organisation von Gruppenreisen, Unterkunft, Transport, erfahrenen Reiseleitern in verschiedenen Sprachen, Veranstaltungen und Treffen, Trekking-, Wander- und Wandertouren, Ferien in Albanien und seinen [&hellip;]<\/p>\n","protected":false},"author":2,"featured_media":0,"parent":0,"menu_order":0,"comment_status":"closed","ping_status":"closed","template":"","meta":{"footnotes":""},"yst_prominent_words":[1577,1573,1575,2643],"class_list":["post-10053947","page","type-page","status-publish","hentry"],"_links":{"self":[{"href":"https:\/\/albaniaexpresstravel.com\/de\/wp-json\/wp\/v2\/pages\/10053947","targetHints":{"allow":["GET"]}}],"collection":[{"href":"https:\/\/albaniaexpresstravel.com\/de\/wp-json\/wp\/v2\/pages"}],"about":[{"href":"https:\/\/albaniaexpresstravel.com\/de\/wp-json\/wp\/v2\/types\/page"}],"author":[{"embeddable":true,"href":"https:\/\/albaniaexpresstravel.com\/de\/wp-json\/wp\/v2\/users\/2"}],"replies":[{"embeddable":true,"href":"https:\/\/albaniaexpresstravel.com\/de\/wp-json\/wp\/v2\/comments?post=10053947"}],"version-history":[{"count":20,"href":"https:\/\/albaniaexpresstravel.com\/de\/wp-json\/wp\/v2\/pages\/10053947\/revisions"}],"predecessor-version":[{"id":10058883,"href":"https:\/\/albaniaexpresstravel.com\/de\/wp-json\/wp\/v2\/pages\/10053947\/revisions\/10058883"}],"wp:attachment":[{"href":"https:\/\/albaniaexpresstravel.com\/de\/wp-json\/wp\/v2\/media?parent=10053947"}],"wp:term":[{"taxonomy":"yst_prominent_words","embeddable":true,"href":"https:\/\/albaniaexpresstravel.com\/de\/wp-json\/wp\/v2\/yst_prominent_words?post=10053947"}],"curies":[{"name":"wp","href":"https:\/\/api.w.org\/{rel}","templated":true}]}}