{"id":10053953,"date":"2020-02-10T09:34:26","date_gmt":"2020-02-10T09:34:26","guid":{"rendered":"https:\/\/albaniaexpresstravel.com\/albanian-bordes\/"},"modified":"2023-11-24T20:13:13","modified_gmt":"2023-11-24T20:13:13","slug":"albanische-grenzen","status":"publish","type":"page","link":"https:\/\/albaniaexpresstravel.com\/de\/albanische-grenzen\/","title":{"rendered":"Albanische Grenzen"},"content":{"rendered":"[vc_row][vc_column][vc_facebook]    <div class=\"tzElement_title \">\r\n        \r\n        <h2 class=\"tzTitle  Tz_align_center\" >\r\n            Albanische Grenzen        <\/h2>\r\n\r\n        \r\n    <\/div>\r\n    [\/vc_column][\/vc_row][vc_row][vc_column][vc_message]\n<h3><strong>Griechenland<\/strong><\/h3>\n<p>Durch Kakavija, die s\u00fcdliche Grenze zu Griechenland, k\u00f6nnen Sie inGjirokaster einreisen;<\/p>\n<p>Durch Kapshtica, der s\u00fcd\u00f6stlichen Grenze zu Griechenland, k\u00f6nnen Sie ins Korca einreisen;<\/p>\n<p>Durch Qafe Boti &#8211; Konispol \u00fcber Fila;<\/p>\n<p>Durch Drei Br\u00fccken \u00fcber Permeti mit Konica.<\/p>\n<h3><strong>Montenegro<\/strong><\/h3>\n<p>Durch die Hani Hotit und Murriqan-Sukobina k\u00f6nnen Sie in die Stadt Shkoder und Shkodra See gelangen;<\/p>\n<p>Durch Ulqini in der s\u00fcdlichen Grenze zu Montenegro k\u00f6nnen Sie die Stadt Shkoder gehen;<\/p>\n<p>Sie k\u00f6nnen jetzt aus Vermosh gehen, von wo aus Sie in die Region von Kelmendi in Albanien und Plava Gucia \u2013 Montenegro gelangen.<\/p>\n<h3><strong>Mazedonien<\/strong><\/h3>\n<p>Durch Qafe Thana gelangen sie an Pogradec, Elbasan und Librazhd;<\/p>\n<p>Von Tushemisht, um s\u00fcd\u00f6stlich von Ohrid-See, weiter in Richtung Pogradec;<\/p>\n<p>Von Bllad\u00eb, in Richtung des Peshkopia oder Bulqiza und Burreli;<\/p>\n<p>Von der Stra\u00dfe Gorica K\u00f6pfe n\u00f6rdlich von Prespa Lake.<\/p>\n<h3><strong>Kosovo<\/strong><\/h3>\n<p>V\u00ebrmica,<\/p>\n<p>Qafa e Prushit<\/p>\n<p>Qafe e Morin\u00ebs.<\/p>\n<p>&nbsp;<\/p>\n<h3><strong>Durch einen Bus-Service k\u00f6nnen Sie auch durch die St\u00e4dte bewegen<\/strong><\/h3>\n<p>Tirana &#8211; Tetovo, Mazedonien durch Qafe Thana.<\/p>\n<p>Tirana &#8211; Prishtina und in anderen St\u00e4dten im Kosovo durch Morina.<\/p>\n<p>Korce &#8211; Thessaloniki, Griechenland, durch Kapshtica.<\/p>\n<p>Tirana &#8211; Athen, durch Kakavija.<\/p>\n<p>Tirana &#8211; Sofia &#8211; Bulgarien und Istanbul aus Qafe Thana.<\/p>\n<h3><strong>Seegrenzen<\/strong><\/h3>\n<p>Der Hafen von Durres bezieht sich auf den italienischen H\u00e4fen von Bari, Brindisi, Ancona, Triest und Koperin in Slowenien.<\/p>\n<p>Hafen von Saranda. T\u00e4gliche Bewegungen durchgef\u00fchrt mit der Insel Korfu<\/p>\n<p>Hafen von Vlora bezieht sich auf Brindisi und Otranto.<\/p>\n<h3><strong>Flughafen<\/strong><\/h3>\n<p>Internationaler Flughafen &#8220;Mutter Teresa&#8221; (auch als Rinas bekannt) ist etwa 25 Kilometer von Tirana und hat viele direkte Fl\u00fcge aus Europa. Die wichtigsten Verbindungen sind nach London, Frankfurt, Mailand, Rom, Wien, Z\u00fcrich, Athen, Bologna, Budapest, Istanbul usw. Die Stadt Tirana ist mit dem Flughafen mit dem Bus angebunden. Abfahrt zum Flughafen ist von Skanderbeg-Platz st\u00fcndlich zum Flughafen erm\u00f6glich ermoglichtt.[\/vc_message][\/vc_column][\/vc_row]\n","protected":false},"excerpt":{"rendered":"<p>[vc_row][vc_column][vc_facebook][\/vc_column][\/vc_row][vc_row][vc_column][vc_message] Griechenland Durch Kakavija, die s\u00fcdliche Grenze zu Griechenland, k\u00f6nnen Sie inGjirokaster einreisen; Durch Kapshtica, der s\u00fcd\u00f6stlichen Grenze zu Griechenland, k\u00f6nnen Sie ins Korca einreisen; Durch Qafe Boti &#8211; Konispol \u00fcber Fila; Durch Drei Br\u00fccken \u00fcber Permeti mit Konica. Montenegro Durch die Hani Hotit und Murriqan-Sukobina k\u00f6nnen Sie in die Stadt Shkoder und Shkodra See [&hellip;]<\/p>\n","protected":false},"author":2,"featured_media":0,"parent":0,"menu_order":0,"comment_status":"closed","ping_status":"closed","template":"","meta":{"footnotes":""},"yst_prominent_words":[1207,1499,1210,1205,1213,1216,1209,1206,1208,1202,1199,1198,1215,1204,1211,1201,1504,837,1756,1212,1214,1203,1200],"class_list":["post-10053953","page","type-page","status-publish","hentry"],"_links":{"self":[{"href":"https:\/\/albaniaexpresstravel.com\/de\/wp-json\/wp\/v2\/pages\/10053953","targetHints":{"allow":["GET"]}}],"collection":[{"href":"https:\/\/albaniaexpresstravel.com\/de\/wp-json\/wp\/v2\/pages"}],"about":[{"href":"https:\/\/albaniaexpresstravel.com\/de\/wp-json\/wp\/v2\/types\/page"}],"author":[{"embeddable":true,"href":"https:\/\/albaniaexpresstravel.com\/de\/wp-json\/wp\/v2\/users\/2"}],"replies":[{"embeddable":true,"href":"https:\/\/albaniaexpresstravel.com\/de\/wp-json\/wp\/v2\/comments?post=10053953"}],"version-history":[{"count":12,"href":"https:\/\/albaniaexpresstravel.com\/de\/wp-json\/wp\/v2\/pages\/10053953\/revisions"}],"predecessor-version":[{"id":10059132,"href":"https:\/\/albaniaexpresstravel.com\/de\/wp-json\/wp\/v2\/pages\/10053953\/revisions\/10059132"}],"wp:attachment":[{"href":"https:\/\/albaniaexpresstravel.com\/de\/wp-json\/wp\/v2\/media?parent=10053953"}],"wp:term":[{"taxonomy":"yst_prominent_words","embeddable":true,"href":"https:\/\/albaniaexpresstravel.com\/de\/wp-json\/wp\/v2\/yst_prominent_words?post=10053953"}],"curies":[{"name":"wp","href":"https:\/\/api.w.org\/{rel}","templated":true}]}}