{"id":10053954,"date":"2020-02-10T09:36:10","date_gmt":"2020-02-10T09:36:10","guid":{"rendered":"https:\/\/albaniaexpresstravel.com\/albanian-cities\/"},"modified":"2023-11-24T20:19:16","modified_gmt":"2023-11-24T20:19:16","slug":"albanische-staedte","status":"publish","type":"page","link":"https:\/\/albaniaexpresstravel.com\/de\/albanische-staedte\/","title":{"rendered":"Albanische St\u00e4dte"},"content":{"rendered":"[vc_row][vc_column][vc_facebook]    <div class=\"tzElement_title \">\r\n        \r\n        <h2 class=\"tzTitle  Tz_align_center\" >\r\n            Albanische St\u00e4dte        <\/h2>\r\n\r\n        \r\n    <\/div>\r\n    [\/vc_column][\/vc_row][vc_row][vc_column][vc_message]\n<h2 style=\"text-align: center;\">St\u00e4dte zu besuchen in Albanien<\/h2>\n<h3>Berat<\/h3>\n<p>&nbsp;<\/p>\n<p>Es wird als &#8220;Stadt der tausend Fenster ein&#8221; bekannt und wird als Museum Stadt erkl\u00e4rt. Es liegt an den H\u00e4ngen des Mount Tomorri , wo die Burg der Stadt sich in einem\u00a0<span class=\"mobilereadmoretext\">\u00fcberwiegenden H\u00fcgel erhebt. Innerhalb seiner Mauern befinden sich Wohnh\u00e4user und die &#8220;Onufri Museum&#8221;. Gem\u00e4lde und Ikonen von der hervorragenden albanischen Malers sind auch dort aufgestellt. Der alte Teil der Stadt hat einige religi\u00f6se Bauten wie Kirchen und Moscheen.<\/span><\/p>\n<h6>Sehensw\u00fcrdigkeiten<\/h6>\n<ul>\n<li>\n<h6>Das Museum der Ikongraphie &#8220;Onufri&#8221;<\/h6>\n<\/li>\n<li>\n<h6>Das Museum f\u00fcr V\u00f6lkerkunde<\/h6>\n<\/li>\n<li>\n<h6>Die Burg von Berat<\/h6>\n<p>ist eine Festung \u00fcber der Stadt. Es gibt vierzehn Kirchen in der Burg, die diese Burg sehr ber\u00fchmt gemacht haben.\u00a0<span class=\"mobilereadmoretext\">Einer von ihnen ist die Kirche St. Triada, aus dem Ende des dreizehnten Jahrhunderts und Anfang des vierzehnten Jahrhunderts. Sehr interessant sind Fresken im Inneren gefunden. Hinter der Kirche St. Todri, gibt es die Kirchen St. Kolli, St. Konstantin, St. Helena, St. Mary Vllaherna und andere.<\/span><\/li>\n<li>\n<h6>Ruinen des Wei\u00dfen Moschee<\/h6>\n<p>Die Innenw\u00e4nde sind in der Burg von Berat gefunden. Sie sind auf den Fundamenten der Illyrieschen Mauern gelegen, die durch Umbauten in byzantinischen und osmanischen Stil gebaut worden sind.<\/li>\n<li>\n<h6>Die Kirche von Saint Mehilli<\/h6>\n<p>(Michael) ist f\u00fcr die Kombination von europ\u00e4ischen und byzantinischen Bautechniken bekannt;<\/li>\n<li>\n<h6>Die Kirche des Heiligen Triada (Trinity)<\/h6>\n<p>Die Einzigartigkeit liegt darin, dass die Kapelle auf dem Fundament der Ruinen eines heidnischen\u00a0<span class=\"mobilereadmoretext\">Tempels gebaut worden ist. Der Tempel wurde gebaut, um die G\u00f6ttin Artemis, Ehre, aus dem der heutige Name leitet sich Ardenic\u00eb.<\/span><\/li>\n<\/ul>\n<h3 class=\"firstHeading\" lang=\"en\">Vlora<\/h3>\n<p>&nbsp;<\/p>\n<p>Vlora ist eine K\u00fcstenstadt. Es ist nicht nur einer der wichtigsten H\u00e4fen, sondern ist auch historisch von gro\u00dfer Bedeutung\u00a0<span class=\"mobilereadmoretext\">, da es hier im 1912 die Versammlung einberufen wurde, die Albanien zu einer unabh\u00e4ngigen Staat erkl\u00e4rt hat und die Einrichtung des ersten Nationalen Regierung von Ismail Qemali geleitet hat. Vlora war die erste Hauptstadt des unabh\u00e4ngigen Albaniens. <\/span>Mehr Hintergr\u00fcnde \u00fcber diese Veranstaltung kann man im Museum of Independence sehen. Auf einem H\u00fcgel \u00fcber der Stadt kann man den religi\u00f6sen Ort von &#8220;Kuzum Baba&#8221; bewundern. Von dort aus k\u00f6nnen Sie den Strand und die Aussicht auf die ganze Stadt genie\u00dfen.<\/p>\n<h6>Sehensw\u00fcrdigkeiten<\/h6>\n<ul>\n<li>\n<h6>Ethnographisches Museum<\/h6>\n<\/li>\n<li>\n<h6>Historisches Museum<\/h6>\n<\/li>\n<li>\n<h6>Museum of Independence<\/h6>\n<\/li>\n<li>\n<h6>Kanina Burg<\/h6>\n<p>ist vermutlich im 3. Jahrhundert v. Chr. errichtet worden.<\/li>\n<li>\n<h6>Apollonia<\/h6>\n<p>ist eine der wichtigsten arch\u00e4ologischen St\u00e4dte in Albanien. Die interessantesten Objekte, die besucht werden, sind die pr\u00e4chtige Wand von Agonothetes vom II Jahrhundert v. Chr.<\/li>\n<li>\n<h6>Pojan Kloster<\/h6>\n<p>ist nicht weit entfernt von der antiken Stadt Apollonia, und es ist f\u00fcr die sch\u00f6ne Marienkapelle ber\u00fchmt. Dies ist ein altes Kloster und wurde von dem byzantinischen Kaiser, Andronikus Palaiologos Zweiten rekonstruiert.<\/li>\n<li>\n<h6>Muradie Moschee<\/h6>\n<p>ist in einer Sultan-Moschee gebautem Stil, mit einer Kuppel, die in der 2. H\u00e4lfte des 16.\u00a0<span class=\"mobilereadmoretext\">Jahrhunderts erbaut wurde. Die Konstruktion und Bau dieser Moschee wurde von Sinan, einem Architekt albanischer Herkunft, der einer der gro\u00dfen Moschee Bauherren im Osmanischen Reich durchgef\u00fchrt.<\/span><\/li>\n<li>\n<h6>Oricum<\/h6>\n<p>ist eine alte Stadt, die fr\u00fcher ein zivilisiertes urbanes Zentrum war, und die\u00a0<span class=\"mobilereadmoretext\">verschiedene arch\u00e4ologische Ruinen zu bieten hat, wie als Teil eines Orchesters, ein kleines Theater, die Sitzpl\u00e4tze f\u00fcr vermutlich 400 Zuschauer hat, Spuren von Mauerreste und Stra\u00dfen die deutlich zu erkennen sind, obwohl sie unter dem Wasser einer Lagune liegen, und die Marmiroi Kirche. Dies ist eine Kirche aus der fr\u00fchen byzantinischen Zeit.<\/span><\/li>\n<li>\n<h6>Ali Pascha&#8217;s Castle-Porto Palermo Bucht<\/h6>\n<p>Dies ist ein kleines Schloss auf einer Halbinsel in der kleinen Bucht von Porto tektonische Palermo. Ali Pascha baute das Schloss zu den Ehren seiner Frau Vasiliqi.<\/li>\n<li>\n<h6>Kirche St. Stephan, Kloster, Kirche Panajia (Dhermi)<\/h6>\n<p>Das Dorf Dhermi geht zur\u00fcck auf mindestens die ersten Jahrhundert v. Chr. Das Dorf hat zu 31 Kirchen.\u00a0<span class=\"mobilereadmoretext\">Die Symbole der Kirche im St. Stephan wurden im 18. Jahrhundert gemalt. Die Kirche ist ein Wallfahrtsort in der Mitte August, wenn religi\u00f6se Riten am Tag von St. Marien durchgef\u00fchrt werden.<\/span><\/li>\n<li>Zwischen Tirana und Vlora gibt es im Bezirk Fier, die verschiedene historische St\u00e4tten mit gro\u00dfem Interesse bietet. Die wichtigsten sind:\n<ul>\n<li>Historisches Museum in Fier<\/li>\n<li>Arch\u00e4ologische St\u00e4tte Bylis in Hekal Dorf<\/li>\n<\/ul>\n<\/li>\n<\/ul>\n<h3>Durres<\/h3>\n<p>&nbsp;<\/p>\n<p>Durres ist die zweitgr\u00f6\u00dfte Stadt Albaniens. Die Stadt wurde von den Kolonisten aus Korinth und Korkyra in 627 v. Chr. besiedelt. Es war Epidamnos benannt, sp\u00e4ter Dyrrachium.\u00a0<span class=\"mobilereadmoretext\">Die wichtigste Sehensw\u00fcrdigkeit ist das Amphitheater, das gr\u00f6\u00dfte auf dem Balkan mit 15.000 Pl\u00e4tzen, aus dem 2. Jahrhundert n. Chr. ,das die fr\u00fchchristliche Krypta mit einer seltenen Wandmosaiken hat. Zwischen dem 1. und 3. Jahrhundert war Durres ein wichtiger Hafen und Handelsplatz an der Via Egnatia Handelsroute zwischen Rom und Byzantuim (Istanbul). Nach einer gro\u00dfen Anzahl von Erdbeben sank Gro\u00dfteil des antiken Durres im Meer oder zerbrach und wurde anschlie\u00dfend \u00fcberbaut. Heute ist die Stadt auch f\u00fcr den nahe gelegenen Badeort Durres und seine Sandstr\u00e4nde und warmes Meerwasser bekannt.<\/span><\/p>\n<h6>Sehensw\u00fcrdigkeiten<\/h6>\n<ul>\n<li>\n<h6>Das Arch\u00e4ologische Museum<\/h6>\n<\/li>\n<li>\n<h6>Das Amphitheater<\/h6>\n<p>, teilweise beginnend seit 1960 ausgegraben, hat eine Kapazit\u00e4t zwischen 15,000 bis 20,000 Mitarbeiter und ist auf der Mitte der modernen Stadt gelegen;<\/li>\n<li>\n<h6>Byzantinisches Forum<\/h6>\n<\/li>\n<li>\n<h6>Venezianische Torra<\/h6>\n<p>(kleine Burg die jetzt eine Bar ist)<\/li>\n<li>\n<h6>Alte Stadtmauer<\/h6>\n<\/li>\n<li>\n<h6>Die Ausstellung der Volkskultur<\/h6>\n<\/li>\n<li>\n<h6>Das Mosaik von Arapaj, Arapaj Dorf<\/h6>\n<\/li>\n<\/ul>\n<h3>Saranda<\/h3>\n<p>&nbsp;<\/p>\n<p>Saranda ist die s\u00fcdlichste Stadt Albaniens. Gegen\u00fcber der Insel Korfu, ist jetzt meist von Saranda Ausfl\u00fcgler besucht<span class=\"mobilereadmoretext\">, die hier kommen um diesem fr\u00fcher unzug\u00e4nglichen Ort zu genie\u00dfen. Es ist eine der Sehensw\u00fcrdigkeiten in Albanien und ist sehr bevorzugt f\u00fcr &#8220;Flitterwochen&#8221;. Nahe Saranda gibt es die Ruinen der antiken Stadt Butrint und dem Brunnen &#8220;Blue Eye&#8221;.<\/span><\/p>\n<h6>Sehensw\u00fcrdigkeiten<\/h6>\n<ul>\n<li>\n<h6>Ethnografisches Museum<\/h6>\n<\/li>\n<li>\n<h6>Das Arch\u00e4ologische Museum von Butrint<\/h6>\n<\/li>\n<li>\n<h6>Die Ruinen der Stadt Onhezmi in Saranda<\/h6>\n<\/li>\n<li>\n<h6>Das Kloster von Mesopotam<\/h6>\n<p>befindet sich in den S\u00fcden von Finiq. Fr\u00fcher war das ein Heidetempel.\u00a0<span class=\"mobilereadmoretext\">Es ist eine der \u00e4ltesten Kirchen seiner Periode. Seine Symbole zeigen meist Vierbeiner und S\u00e4ugetier Motive. In seiner Haupthalle, zeigt ein Mosaik ein Drachen mit ausgebreiteten Fl\u00fcgeln. Besucher k\u00f6nnen die Ruinen der alten Ringmauern des Klosters mit sieben viereckigen T\u00fcrmen bewundern. Diese Mauern sind \u00e4lter als die Kirche.<\/span><\/li>\n<li>\n<h6>Die viereckige Burg von Butrint<\/h6>\n<p>Diese kleine Burg von Ali Pasha Tepelena 1807-1808 gebaut auf einem Kap. Es wurde gebaut um die Franzosen zu hindern, Butrint von deren Basiszone im Korfu wegzunehmen.<\/li>\n<\/ul>\n<h3>Tirana<\/h3>\n<p>&nbsp;<\/p>\n<p>Tirana ist die Hauptstadt von Albanien seit 1920. Es ist relativ eine neue Stadt und wurde im Jahre 1614 von Sulejman Bargjini etabliert, ein Feudal Lord des Gebietes in der Zeit. Die Stadt begann zu Beginn des 18. Jahrhunderts zu wachsen. &#8220;Tirana&#8221;\u00a0<span class=\"mobilereadmoretext\">, dass von dem Wort &#8220;Theranda&#8221; kommt, wurde in der antiken griechischen und lateinischen Quellen erw\u00e4hnt, dass die Stammv\u00f6lker Te Ranat genannt haben, weil das Feld aufgrund der steifen Materialien, die vom Wasser von den umliegenden Bergen gebracht gebildet wurde. Tirana ist heute nicht nur die bev\u00f6lkerungsreichste Stadt in Albanien, sondern auch das gr\u00f6\u00dfte politische und wirtschaftliche Zentrum des Landes. Das Adriatische Meer und Dajti Berge sind in der N\u00e4he der Stadt. Es dauert weniger als eine Stunde Fahrt, um an das Meer zu gelangen. Ein gro\u00dfer Park mit einem k\u00fcnstlichen See ist im s\u00fcdlichen Teil der Stadt gelegen.<\/span><\/p>\n<h6>Sehensw\u00fcrdigkeiten<\/h6>\n<ul>\n<li>\n<h6>Die Moschee von Ethem Bey<\/h6>\n<p>ist in dem Zentrum von Tirana. Es wurde 1789 gebaut. Zusammen mit dem Clock Tower (1830) ist sie ein wichtiges historisches Teil von Tirana.<\/li>\n<li>\n<h6>Ministerien<\/h6>\n<p>vertreten architektonische Werte. Sie wurden im Jahr 1930, wenn Albanien noch ein Reich war.\u00a0<span class=\"mobilereadmoretext\">Nach dem Zweiten Weltkrieg mehrere Geb\u00e4ude wurden errichtet: Der Palast der Kultur, im Kongresspalast, das National Museum, das Zentrum f\u00fcr internationale Kultur etc.<\/span><\/li>\n<li>\n<h6>Die Br\u00fccke von Tabakeve<\/h6>\n<p>ist entlang des Boulevards &#8220;Zhan Dark&#8221; gelegen. Es geh\u00f6rt zu dem XVIII Jahrhundert.<\/li>\n<li>\n<h6>Die Festung von Pertrela<\/h6>\n<p>Es ist im S\u00fcden von Tirana auf der rechten Seite der Bundesstra\u00dfe Verkn\u00fcpfung Hauptstadt mit der Stadt Elbasan gelegen.\u00a0<span class=\"mobilereadmoretext\">Es wurde im Mittelalter gebaut. Das Schloss wurde unter dem Kommando von Skanderbeg Schwester, Mamica Kastrioti. Petrela Burg verwendet, um die Egnatia Stra\u00dfe, die Kontrolle Durres &#8211; Tirana Zweig, ein Teil, das in der damaligen Zeit eine besondere Bedeutung hatte. Dieses Schloss wurde auch ein Teil der Signalisierungs-und verteidigen System der Burg von Kruja. Diese Schl\u00f6sser wurden auch gebraucht, um miteinander durchs Feuer Signale zu kommunizieren.<\/span><\/li>\n<li>\n<h6>Die Festung von Preza<\/h6>\n<p>geh\u00f6rt zu dem XV Jahrhundert. Es hat eine sehr sch\u00f6ne Position gegen\u00fcber der Kruja Bergs. Dieses Schloss ist als &#8220;Kulturdenkmal&#8221; erkl\u00e4rt worden.<\/li>\n<li>\n<h6>M\u00e4rtyrer Friedhof<\/h6>\n<p>dass das &#8220;Mutter Albanien&#8221; Denkmal hat.<\/li>\n<li>\n<h6>Das Grabmal des Kapllan Pascha<\/h6>\n<p>im Jahre 1814 erbaut. Es ehrt Kaplan Pascha, der Tirana im fr\u00fchen 19. Jahrhundert regiert hat.<\/li>\n<li>\n<h6>Museen:<\/h6>\n<ul>\n<li>National Historisches Museum<\/li>\n<li>Arch\u00e4ologisches Museum<\/li>\n<li>Galerie der Sch\u00f6nen K\u00fcnste<\/li>\n<\/ul>\n<\/li>\n<\/ul>\n<h3>Gjirokastra<\/h3>\n<p>&nbsp;<\/p>\n<p>Einer der wichtigsten St\u00e4dte des s\u00fcdlichen Albanien wurde als &#8220;Stadt der Museen&#8221; erkl\u00e4rt. Es liegt am Hang eines Berges und ist f\u00fcr seine\u00a0<span class=\"mobilereadmoretext\">charakteristischen und schmalen und engen Stra\u00dfen bekannt. Die Wohnh\u00e4user haben die Form mittelalterlicher T\u00fcrmen aus einem Geb\u00e4ude-Ensemble mit charakteristischer Architektur. Die Burg der Stadt steht wie ein Balkon \u00fcber der Stadt. Es erm\u00f6glicht dem Besucher eine sehr sch\u00f6ne Landschaft zu genie\u00dfen. Das Nationalmuseum von Waffen ist im Inneren des Schlosses untergebracht. Waffen die hergestellt und verwendet von den Albanern in der Antike werden ebenfalls dort pr\u00e4sentiert.<\/span><\/p>\n<h6>Sehensw\u00fcrdigkeiten<\/h6>\n<ul>\n<li>\n<h6>Das Museum der Waffen<\/h6>\n<p>ist in der Burg von Gjirokastra gelegen. Es zeigt die Entwicklung von Waffen in Albanien, von der Antike bis zur Gegenwart.<\/li>\n<li>\n<h6>Das Ethnographische Museum<\/h6>\n<p>Es ist anders als Geburtshaus des ehemaligen Diktators Enver Hoxha bekannt. Es wird gegenw\u00e4rtig von vielen Touristen besucht die in der albanischen Tradition, Kultur und Ethnographie interessiert sind.<\/li>\n<li>\n<h6>Die Burg von Gjirokastra<\/h6>\n<p>ist eine gro\u00dfe Festung mit einer fantastischen Lage und beherrscht das ganze Tal der Drino. Sein Bau dauerte mehrere Jahrhunderte\u00a0<span class=\"mobilereadmoretext\">, und nur im zw\u00f6lften Jahrhundert hat die Gestalt einer Burg. Beim Verlassen des Schlosses, die Besucher spazieren entlang einer Stra\u00dfe auf beiden Seiten von denen 200 H\u00e4user die aus Stein gebaut sind.<\/span><\/li>\n<li>\n<h6>Die Moschee von Pajazut Khan<\/h6>\n<p>ist in der Burg. Im Norden gibt es den alten Markt, den so genannten Schloss-Markt.<\/li>\n<li>\n<h6>Die Kirche Labova e Kryqit<\/h6>\n<p>, im Dorf mit gleichem Namen gelegt;<\/li>\n<li>\n<h6>Die arch\u00e4ologische St\u00e4tte von Antigonea<\/h6>\n<p>, im Dorf Saraqinisht;<\/li>\n<li>\n<h6>Die Ruinen der arch\u00e4ologischen St\u00e4tte von Adrianapol<\/h6>\n<p>, im Dorf Sofratike.<\/li>\n<\/ul>\n<h3>Kruja<\/h3>\n<p>&nbsp;<\/p>\n<p>Kruja ist eine mittelalterliche Stadt nahe Tirana. Der Name des Kruja ist eng mit dem Namen des\u00a0<span class=\"mobilereadmoretext\">Nationalhelden Skanderbeg George Kastriot verbunden, der gegen die Osmanen 25 Jahre lang k\u00e4mpfte, in Folge einer Verteidigung der europ\u00e4ischen Zivilisation aus ihrer Bedrohung im 15. Jahrhundert. In einem prominenten und strategischen Ort in der N\u00e4he der Stadt gibt es ein Schloss, wo das Skanderbeg Museum (Nationalmuseum) untergebracht ist. Auf dem Weg zur Burg gibt es einen mittelalterlichen Basar.<\/span><\/p>\n<h6>Sehensw\u00fcrdigkeiten<\/h6>\n<ul>\n<li>\n<h6>Museum von Gjergj Kastrioti Scanderbeg<\/h6>\n<\/li>\n<li>\n<h6>Ethnographische Museum<\/h6>\n<\/li>\n<li>\n<h6>Arch\u00e4ologische St\u00e4tte Albanopoli im Dorf Zgerdhesh<\/h6>\n<\/li>\n<li>\n<h6>Traditioneller Bazaar<\/h6>\n<\/li>\n<\/ul>\n<h3>Shkodra<\/h3>\n<p>&nbsp;<\/p>\n<p>Es ist einer der wichtigsten St\u00e4dte im Norden \u2013 im westlichen Teil des Landes.\u00a0<span class=\"mobilereadmoretext\">Es liegt in der N\u00e4he des Sees mit den gleichen Namen und entlang der Stra\u00dfe, die nach Montenegro f\u00fchrt. Es ist eine alte Stadt mit reicher Geschichte. Man findet alte charakteristische H\u00e4user, in denen Holz und andere traditionelle Motive verwendet werden. Nahe der Stadt befindet sich das Schloss von Rozafa auf einem felsigen H\u00fcgel, von wo aus man eine herrliche Aussicht sehen kann. W\u00e4hrend Ihres Aufenthaltes k\u00f6nnen Sie das Historische Museum der Stadt besuchen. Shkodra ist ein guter Ausgangspunkt, um Ihre Reise in die albanischen Alpen zu beginnen.<\/span><\/p>\n<h6>Sehensw\u00fcrdigkeiten<\/h6>\n<ul>\n<li>\n<h6>Das Historische Museum<\/h6>\n<p>hat eine Reihe von Abschnitten \u00fcber Arch\u00e4ologie, Geschichte und Ethnographie. Es hat auch eine eigene Bibliothek mit einer betr\u00e4chtlichen Anzahl von albanischen und ausl\u00e4ndischen B\u00fccher-Titeln insgesamt etwa 15.000. Die Bibliothek ist eine gro\u00dfe Quelle f\u00fcr Studierende der Albanologie;<\/li>\n<li>\n<h6>Die Burg von Rozafa<\/h6>\n<p>erhebt sich auf einem felsigen H\u00fcgel westlich von Shkodra. Der Legende nach nahm Rozafa, die Frau\u00a0<span class=\"mobilereadmoretext\">des j\u00fcngsten von drei Br\u00fcdern, zu den W\u00e4nden des Schlosses um sie lebendig zu begraben. Die Br\u00fcder bauten die Burg am Tag, nur um die W\u00e4nde zu finden die in der Nacht zusammengebrochen waren. Am Eingang der Burg kann man die Rozafa Flachrelief sehen. Nach volkst\u00fcmlicher Phantasie, das Wasser, das am Haupteingang l\u00e4uft ist die Milch aus Rozafa\u2019s Brust, die au\u00dferhalb der Wand gelassen worden ist, so dass sie ihr neugeborenes Baby zu f\u00fcttern konnte.<\/span><\/li>\n<li>\n<h6>Museum der Burg Rozafa<\/h6>\n<p>erkl\u00e4rt die verschiedenen Perioden im Leben des Schlosses;<\/li>\n<li>\n<h6>Die Lead-Moschee<\/h6>\n<p>ist ein ber\u00fchmtes Kulturdenkmal in der Stadt Shkodra, dass im Jahre 1773 im Stil der Blauen Moschee in Istanbul gebaut wurde.<\/li>\n<li>\n<h6>Die Kirche Shirgji<\/h6>\n<p>ist 20 km von der Stadt Shkodra entfernt, in der N\u00e4he des Dorfes Obot gelegen.\u00a0<span class=\"mobilereadmoretext\">Es ist in romanisch-gotischen Stil erbaut. Die Shirgji Kirche war fr\u00fcher ein Lieblingsort der albanischen und montenegrinischen Prinzessin, die auch speziell f\u00fcr deren Hochzeit benutzt wurde.<\/span><\/li>\n<li>\n<h6>Die Mesi-Br\u00fccke<\/h6>\n<p>ist etwa 8 km von Shkodra entfernt, an der Kir River. Fr\u00fcher gab es drei Br\u00fccken an diesem Fluss, aber nur diese hat bis heute gehalten. Die Mesi-Br\u00fccke ist als eine einzigartige Br\u00fccken und als &#8220;Kulturdenkmal&#8221; bekannt.<\/li>\n<li>\n<h6>Die Illyrieschen Ruinen Gajtan<\/h6>\n<\/li>\n<li>\n<h6>Die Ruinen der mittelalterlichen Stadt Sarda<\/h6>\n<p>sind auf einer Insel des Stausees von Vau i Dej\u00ebs, gebaut im 1971. Unter den Ruinen sind die Wehrmauern, Klosterruine und das Tor zum Dukagjini Palast. Sarda ist eine sehr malerische Lage gelegen.<\/li>\n<\/ul>\n<p>Auf dem Weg von Tirana nach Shkodra in der Stadt Lezha, kann man die interessante Gedenkst\u00e4tte dem albanischen Nationalhelden Skanderbeg gewidmet, besuchen.[\/vc_message][\/vc_column][\/vc_row]\n","protected":false},"excerpt":{"rendered":"<p>[vc_row][vc_column][vc_facebook][\/vc_column][\/vc_row][vc_row][vc_column][vc_message] St\u00e4dte zu besuchen in Albanien Berat &nbsp; Es wird als &#8220;Stadt der tausend Fenster ein&#8221; bekannt und wird als Museum Stadt erkl\u00e4rt. Es liegt an den H\u00e4ngen des Mount Tomorri , wo die Burg der Stadt sich in einem\u00a0\u00fcberwiegenden H\u00fcgel erhebt. Innerhalb seiner Mauern befinden sich Wohnh\u00e4user und die &#8220;Onufri Museum&#8221;. Gem\u00e4lde und Ikonen [&hellip;]<\/p>\n","protected":false},"author":2,"featured_media":0,"parent":0,"menu_order":0,"comment_status":"closed","ping_status":"closed","template":"","meta":{"footnotes":""},"yst_prominent_words":[1191,1172,1196,1182,1164,1195,1188,1179,1190,1023,1168,1193,1171,1166,1169,1197,1180,1018,1019,1192],"class_list":["post-10053954","page","type-page","status-publish","hentry"],"_links":{"self":[{"href":"https:\/\/albaniaexpresstravel.com\/de\/wp-json\/wp\/v2\/pages\/10053954","targetHints":{"allow":["GET"]}}],"collection":[{"href":"https:\/\/albaniaexpresstravel.com\/de\/wp-json\/wp\/v2\/pages"}],"about":[{"href":"https:\/\/albaniaexpresstravel.com\/de\/wp-json\/wp\/v2\/types\/page"}],"author":[{"embeddable":true,"href":"https:\/\/albaniaexpresstravel.com\/de\/wp-json\/wp\/v2\/users\/2"}],"replies":[{"embeddable":true,"href":"https:\/\/albaniaexpresstravel.com\/de\/wp-json\/wp\/v2\/comments?post=10053954"}],"version-history":[{"count":38,"href":"https:\/\/albaniaexpresstravel.com\/de\/wp-json\/wp\/v2\/pages\/10053954\/revisions"}],"predecessor-version":[{"id":10059584,"href":"https:\/\/albaniaexpresstravel.com\/de\/wp-json\/wp\/v2\/pages\/10053954\/revisions\/10059584"}],"wp:attachment":[{"href":"https:\/\/albaniaexpresstravel.com\/de\/wp-json\/wp\/v2\/media?parent=10053954"}],"wp:term":[{"taxonomy":"yst_prominent_words","embeddable":true,"href":"https:\/\/albaniaexpresstravel.com\/de\/wp-json\/wp\/v2\/yst_prominent_words?post=10053954"}],"curies":[{"name":"wp","href":"https:\/\/api.w.org\/{rel}","templated":true}]}}