{"id":10053961,"date":"2020-02-08T17:15:57","date_gmt":"2020-02-08T17:15:57","guid":{"rendered":"https:\/\/albaniaexpresstravel.com\/car-transfer\/"},"modified":"2020-09-02T21:30:25","modified_gmt":"2020-09-02T21:30:25","slug":"autotransfer","status":"publish","type":"page","link":"https:\/\/albaniaexpresstravel.com\/de\/autotransfer\/","title":{"rendered":"Autotransfer in Balkan"},"content":{"rendered":"<div id=\"comp-jr8cel8b\" class=\"txtNew\" data-packed=\"true\">\n<h1 class=\"font_0\">Balkan Private Transfers<\/h1>\n<\/div>\n<div id=\"comp-is0bay1v\" class=\"txtNew\" data-packed=\"false\" data-min-height=\"417\">\n<p class=\"font_7\">Albania Express Travel ist im Transportbereich t\u00e4tig und bietet Transferservices von und nach Tirana City, so wie zum Tirana International Airport (TIA) und \/ oder anderen St\u00e4dten auf dem Balkan an. Seit unserer ersten Gesch\u00e4ftst\u00e4tigkeit konnten wir mit vielen Kunden aus der ganzen Welt erfolgreich zusammenarbeiten.<\/p>\n<p class=\"font_7\">\u00dcber den Tirana City Airport (TIA) bieten wir hochwertige Bodentransportdienste in albanischen St\u00e4dten an . Wir sind fest entschlossen, weiterhin Dienstleistungen von touristischen Autotransfers vom Flughafen \/ der Stadt Tirana oder anderen H\u00e4fen des Landes bis zum gew\u00fcnschten Ziel zu erbringen. Standardtransfers werden mit dem Auto, Van oder Bus von gut ausgebildetem und erfahrenem Personal durchgef\u00fchrt. Unsere Fahrzeuge sind gut gewartet, sehr gepflegt, ordnungsgem\u00e4\u00df lizenziert und betriebsversichert.<\/p>\n<p class=\"font_7\">In Albanien ist es gesetzlich vorgeschrieben, dass alle Passagiere versichert sein m\u00fcssen, um den Transferservice im vollen Umfang zu erhalten. Wer einen kosteng\u00fcnstigen Transfer anbietet, arbeitet in der Regel nicht rechtm\u00e4\u00dfig und Sie w\u00e4ren in den meisten F\u00e4llen f\u00fcr Unf\u00e4lle, die w\u00e4hrend des Transfers auftreten k\u00f6nnten, nicht unfallversichert. Ihre Fahrt k\u00f6nnte in diesem Falle von den Strafverfolgungsbeamten verhindert werden, sollte der Sachverhalt den entsprechenden Beh\u00f6rden bekannt werden. Wir k\u00f6nnen Ihnen ein Auto mit Chauffeur von und zu allen wichtigen Flugh\u00e4fen in Tirana zur Verf\u00fcgung stellen.<\/p>\n<p class=\"font_7\">Neben Taxitransfers, die wir in ganz Albanien und auf dem Balkan organisieren, bieten wir auch eine breite Palette an gef\u00fchrten Touren an. Darunter F\u00fchrungen durch Albanien und durch s\u00e4mtliche Balkanl\u00e4nder. Wir bieten faire Transferpreise, und Fahrten die durch professionelle und lizenzierte Fahrer durchgef\u00fchrt werden. Nachfolgend finden Sie den Bereich der Transferdienste pro Person (Pax 1-3, Pax 4-5, Pax 6-10, Pax 11-16, Pax 17-20).<\/p>\n<p class=\"font_7\">Die Preise sind in Euro aufgelistet und beginnen ab..<\/p>\n<\/div>\n<h2 class=\"font_2\">Albanien Private Transfer (Preis in Euro)<\/h2>\n<div id=\"comp-ip7abkyy\" class=\"s_BIwzIGroupSkin\">\n<div id=\"comp-ip7abkyyinlineContent\" class=\"s_BIwzIGroupSkininlineContent\">\n<div id=\"comp-ip7abkyyinlineContent-gridWrapper\" data-mesh-internal=\"true\">\n<div id=\"comp-ip7abkyyinlineContent-gridContainer\" data-mesh-internal=\"true\">\n<div id=\"comp-ihyiz019\" class=\"txtNew\" data-packed=\"true\">\n<table id=\"theTable\" class=\"footable table outerBorder footable-loaded\">\n<thead>\n<tr>\n<th id=\"thCol0\" data-type=\"alpha\">Flughafen \/ Stadte\/ Preise<\/th>\n<th id=\"thCol1\" data-type=\"numeric\">Pers 1 &#8211; 3<\/th>\n<th id=\"thCol2\" data-type=\"numeric\">Pers 4 &#8211; 5<\/th>\n<th id=\"thCol3\" data-type=\"numeric\">Pers 6 &#8211; 10<\/th>\n<th id=\"thCol4\" data-type=\"numeric\">Pers 11 &#8211; 16<\/th>\n<th id=\"thCol5\" data-type=\"numeric\">Pers 17 &#8211; 20<\/th>\n<\/tr>\n<\/thead>\n<tbody>\n<tr class=\"footableOdd\">\n<td>Tirana Flughafen \/ Tirana<\/td>\n<td>50<\/td>\n<td>80<\/td>\n<td>180<\/td>\n<td>300<\/td>\n<td>450<\/td>\n<\/tr>\n<tr class=\"footableEven\">\n<td>Tirana Flughafen \/ Durres<\/td>\n<td>70<\/td>\n<td>120<\/td>\n<td>260<\/td>\n<td>360<\/td>\n<td>500<\/td>\n<\/tr>\n<tr class=\"footableOdd\">\n<td>Tirana Flughafen \/ Berat<\/td>\n<td>140<\/td>\n<td>220<\/td>\n<td>370<\/td>\n<td>520<\/td>\n<td>680<\/td>\n<\/tr>\n<tr class=\"footableEven\">\n<td>Tirana Flughafen \/ Vlore<\/td>\n<td>170<\/td>\n<td>300<\/td>\n<td>580<\/td>\n<td>650<\/td>\n<td>750<\/td>\n<\/tr>\n<tr class=\"footableOdd\">\n<td>Tirana Flughafen \/ Saranda<\/td>\n<td>220<\/td>\n<td>400<\/td>\n<td>750<\/td>\n<td>800<\/td>\n<td>900<\/td>\n<\/tr>\n<tr class=\"footableEven\">\n<td>Tirana Flughafen \/ Gjirokaster<\/td>\n<td>180<\/td>\n<td>320<\/td>\n<td>650<\/td>\n<td>750<\/td>\n<td>860<\/td>\n<\/tr>\n<tr class=\"footableOdd\">\n<td>Tirana Flughafen \/ Dhermi<\/td>\n<td>200<\/td>\n<td>350<\/td>\n<td>600<\/td>\n<td>650<\/td>\n<td>850<\/td>\n<\/tr>\n<tr class=\"footableEven\">\n<td>Tirana Flughafen \/ Korce<\/td>\n<td>160<\/td>\n<td>240<\/td>\n<td>650<\/td>\n<td>720<\/td>\n<td>840<\/td>\n<\/tr>\n<tr class=\"footableOdd\">\n<td>Tirana Flughafen \/ Pogradec<\/td>\n<td>140<\/td>\n<td>220<\/td>\n<td>600<\/td>\n<td>710<\/td>\n<td>820<\/td>\n<\/tr>\n<tr class=\"footableEven\">\n<td>Tirana Flughafen \/ Shkoder<\/td>\n<td>110<\/td>\n<td>180<\/td>\n<td>550<\/td>\n<td>610<\/td>\n<td>760<\/td>\n<\/tr>\n<\/tbody>\n<\/table>\n<\/div>\n<p><a id=\"comp-jv6sihw0link\" class=\"g-transparent-a style-jv6ru9golink\" href=\"https:\/\/albaniaexpresstravel.com\/de\/kontakt\/\" target=\"_self\" rel=\"noopener noreferrer\" data-keep-roots=\"true\" data-anchor=\"dataItem-jv6rphg7\"><span id=\"comp-jv6sihw0label\" class=\"style-jv6ru9golabel\">JETZT BUCHEN<\/span><\/a><\/p>\n<\/div>\n<\/div>\n<\/div>\n<\/div>\n<div id=\"comp-ip7ab9xb\" class=\"s_BIwzIGroupSkin\">\n<div id=\"comp-ip7ab9xbinlineContent\" class=\"s_BIwzIGroupSkininlineContent\">\n<div id=\"comp-ip7ab9xbinlineContent-gridWrapper\" data-mesh-internal=\"true\">\n<div id=\"comp-ip7ab9xbinlineContent-gridContainer\" data-mesh-internal=\"true\">\n<div id=\"comp-ihyiznwt\" class=\"txtNew\" data-packed=\"true\">\n<h2 class=\"font_2\">Kroatien Private Transfer (Preis in Euro)<\/h2>\n<table id=\"theTable\" class=\"footable table outerBorder footable-loaded\">\n<thead>\n<tr>\n<th id=\"thCol0\" data-type=\"alpha\">Flughafen \/ Stadt \/ Preise<\/th>\n<th id=\"thCol1\" data-type=\"numeric\">Pers 1-3<\/th>\n<th id=\"thCol2\" data-type=\"numeric\">Pers 4-5<\/th>\n<th id=\"thCol3\" data-type=\"numeric\">Pers 6-10<\/th>\n<th id=\"thCol4\" data-type=\"numeric\">Pers 11 &#8211; 16<\/th>\n<th id=\"thCol5\" data-type=\"numeric\">Pers 17 &#8211; 20<\/th>\n<\/tr>\n<\/thead>\n<tbody>\n<tr class=\"footableOdd\">\n<td>Tirana Flughafen \/ Dubrovnik<\/td>\n<td>520<\/td>\n<td>600<\/td>\n<td>680<\/td>\n<td>900<\/td>\n<td>1,100<\/td>\n<\/tr>\n<tr class=\"footableEven\">\n<td>Tirana Flughafen \/ Split \/ Trogir<\/td>\n<td>760<\/td>\n<td>840<\/td>\n<td>930<\/td>\n<td>1,300<\/td>\n<td>1,500<\/td>\n<\/tr>\n<\/tbody>\n<\/table>\n<\/div>\n<div id=\"comp-ihyiprxu\" class=\"style-j7ow1z1o\" data-has-iframe=\"true\">\n<div><\/div>\n<div id=\"comp-ihyiprxuoverlay\" class=\"style-j7ow1z1ooverlay\"><span id=\"comp-jv6sgmmolabel\" class=\"style-jv6ru9golabel\"><a id=\"comp-jv6sihw0link\" class=\"g-transparent-a style-jv6ru9golink\" href=\"https:\/\/albaniaexpresstravel.com\/de\/kontakt\/\" target=\"_self\" rel=\"noopener noreferrer\" data-keep-roots=\"true\" data-anchor=\"dataItem-jv6rphg7\"><span id=\"comp-jv6sihw0label\" class=\"style-jv6ru9golabel\">JETZT BUCHEN<\/span><\/a><\/span><\/div>\n<\/div>\n<\/div>\n<\/div>\n<\/div>\n<\/div>\n<div id=\"comp-ip7ab3nd\" class=\"s_BIwzIGroupSkin\">\n<div id=\"comp-ip7ab3ndinlineContent\" class=\"s_BIwzIGroupSkininlineContent\">\n<div id=\"comp-ip7ab3ndinlineContent-gridWrapper\" data-mesh-internal=\"true\">\n<div id=\"comp-ip7ab3ndinlineContent-gridContainer\" data-mesh-internal=\"true\">\n<div id=\"comp-ihyj3nvg\" class=\"txtNew\" data-packed=\"true\">\n<h2 class=\"font_2\">Kosovo Private Transfer (Preis in Euro)<\/h2>\n<table id=\"theTable\" class=\"footable table outerBorder footable-loaded\">\n<thead>\n<tr>\n<th id=\"thCol0\" data-type=\"alpha\">Flughafen \/ Stadt \/ Preise<\/th>\n<th id=\"thCol1\" data-type=\"numeric\">Pers 1-3<\/th>\n<th id=\"thCol2\" data-type=\"numeric\">Pers 4-5<\/th>\n<th id=\"thCol3\" data-type=\"numeric\">Pers 6-10<\/th>\n<th id=\"thCol4\" data-type=\"numeric\">Pers 11-16<\/th>\n<th id=\"thCol5\" data-type=\"numeric\">Pers 17-20<\/th>\n<\/tr>\n<\/thead>\n<tbody>\n<tr class=\"footableOdd\">\n<td>Tirana Flughafen \/ Prishtina<\/td>\n<td>230<\/td>\n<td>295<\/td>\n<td>350<\/td>\n<td>420<\/td>\n<td>500<\/td>\n<\/tr>\n<tr class=\"footableEven\">\n<td>Tirana Flughafen \/ Prizren<\/td>\n<td>200<\/td>\n<td>250<\/td>\n<td>310<\/td>\n<td>360<\/td>\n<td>420<\/td>\n<\/tr>\n<tr class=\"footableOdd\">\n<td>Tirana Flughafen \/ Gjakova<\/td>\n<td>220<\/td>\n<td>260<\/td>\n<td>320<\/td>\n<td>400<\/td>\n<td>450<\/td>\n<\/tr>\n<tr class=\"footableEven\">\n<td>Tirana Flughafen \/ Decan<\/td>\n<td>240<\/td>\n<td>280<\/td>\n<td>400<\/td>\n<td>470<\/td>\n<td>570<\/td>\n<\/tr>\n<\/tbody>\n<\/table>\n<\/div>\n<div id=\"comp-ihyi79g1\" class=\"style-j7ow14cq\" data-has-iframe=\"true\">\n<div><\/div>\n<div id=\"comp-ihyi79g1overlay\" class=\"style-j7ow14cqoverlay\"><span id=\"comp-jv6sh24zlabel\" class=\"style-jv6ru9golabel\"><a id=\"comp-jv6sihw0link\" class=\"g-transparent-a style-jv6ru9golink\" href=\"https:\/\/albaniaexpresstravel.com\/de\/kontakt\/\" target=\"_self\" rel=\"noopener noreferrer\" data-keep-roots=\"true\" data-anchor=\"dataItem-jv6rphg7\"><span id=\"comp-jv6sihw0label\" class=\"style-jv6ru9golabel\">JETZT BUCHEN<\/span><\/a><\/span><\/div>\n<\/div>\n<\/div>\n<\/div>\n<\/div>\n<\/div>\n<div id=\"comp-ip7aay0o\" class=\"s_BIwzIGroupSkin\">\n<div id=\"comp-ip7aay0oinlineContent\" class=\"s_BIwzIGroupSkininlineContent\">\n<div id=\"comp-ip7aay0oinlineContent-gridWrapper\" data-mesh-internal=\"true\">\n<div id=\"comp-ip7aay0oinlineContent-gridContainer\" data-mesh-internal=\"true\">\n<div id=\"comp-ihyj0zd2\" class=\"txtNew\" data-packed=\"true\">\n<h2 class=\"font_2\"><span lang=\"de\">Nordmakedonien Privat Transfer (Preis in Euro)<\/span><\/h2>\n<table id=\"theTable\" class=\"footable table outerBorder footable-loaded\">\n<thead>\n<tr>\n<th id=\"thCol0\" data-type=\"alpha\">Flughafen \/ Stadt \/ Preise<\/th>\n<th id=\"thCol1\" data-type=\"numeric\">Pers 1-3<\/th>\n<th id=\"thCol2\" data-type=\"numeric\">Pers 4-5<\/th>\n<th id=\"thCol3\" data-type=\"numeric\">Pers 6-10<\/th>\n<th id=\"thCol4\" data-type=\"numeric\">Pers 11-16<\/th>\n<th id=\"thCol5\" data-type=\"numeric\">Pers 17-20<\/th>\n<\/tr>\n<\/thead>\n<tbody>\n<tr class=\"footableOdd\">\n<td>Tirana Flughafen \/ Ohrid<\/td>\n<td>230<\/td>\n<td>320<\/td>\n<td>500<\/td>\n<td>550<\/td>\n<td>650<\/td>\n<\/tr>\n<tr class=\"footableEven\">\n<td>Tirana Flughafen \/ Skopje<\/td>\n<td>320<\/td>\n<td>400<\/td>\n<td>550<\/td>\n<td>700<\/td>\n<td>900<\/td>\n<\/tr>\n<tr class=\"footableOdd\">\n<td>Tirana Flughafen \/ Bitola<\/td>\n<td>300<\/td>\n<td>420<\/td>\n<td>550<\/td>\n<td>620<\/td>\n<td>770<\/td>\n<\/tr>\n<tr class=\"footableEven\">\n<td>Tirana Flughafen \/ Tetova<\/td>\n<td>300<\/td>\n<td>420<\/td>\n<td>550<\/td>\n<td>650<\/td>\n<td>800<\/td>\n<\/tr>\n<\/tbody>\n<\/table>\n<h6 class=\"font_5\"><span id=\"comp-jv6shiv8label\" class=\"style-jv6ru9golabel\" style=\"font-size: 16px;\"><a id=\"comp-jv6sihw0link\" class=\"g-transparent-a style-jv6ru9golink\" href=\"https:\/\/albaniaexpresstravel.com\/de\/kontakt\/\" target=\"_self\" rel=\"noopener noreferrer\" data-keep-roots=\"true\" data-anchor=\"dataItem-jv6rphg7\"><span id=\"comp-jv6sihw0label\" class=\"style-jv6ru9golabel\">JETZT BUCHEN<\/span><\/a><\/span><\/h6>\n<\/div>\n<\/div>\n<\/div>\n<\/div>\n<\/div>\n<div id=\"comp-ip7aas0x\" class=\"s_BIwzIGroupSkin\">\n<div id=\"comp-ip7aas0xinlineContent\" class=\"s_BIwzIGroupSkininlineContent\">\n<div id=\"comp-ip7aas0xinlineContent-gridWrapper\" data-mesh-internal=\"true\">\n<div id=\"comp-ip7aas0xinlineContent-gridContainer\" data-mesh-internal=\"true\">\n<div id=\"comp-ihyj4soy\" class=\"txtNew\" data-packed=\"true\">\n<h2 class=\"font_2\"><span lang=\"de\">Montenegro Privat Transfer (Preis in Euro)<\/span><\/h2>\n<table id=\"theTable\" class=\"footable table outerBorder footable-loaded\">\n<thead>\n<tr>\n<th id=\"thCol0\" data-type=\"alpha\">Flughafen \/ Stadt \/ Preise<\/th>\n<th id=\"thCol1\" data-type=\"numeric\">Pers 1-3<\/th>\n<th id=\"thCol2\" data-type=\"numeric\">Pers 4-5<\/th>\n<th id=\"thCol3\" data-type=\"numeric\">Pers 6-10<\/th>\n<th id=\"thCol4\" data-type=\"numeric\">Pers 11-16<\/th>\n<th id=\"thCol5\" data-type=\"numeric\">Pers 17-20<\/th>\n<\/tr>\n<\/thead>\n<tbody>\n<tr class=\"footableOdd\">\n<td>Tirana Flughafen \/ Budva<\/td>\n<td>240<\/td>\n<td>280<\/td>\n<td>310<\/td>\n<td>400<\/td>\n<td>500<\/td>\n<\/tr>\n<tr class=\"footableEven\">\n<td>Tirana Flughafen \/ Ulcinj<\/td>\n<td>210<\/td>\n<td>240<\/td>\n<td>290<\/td>\n<td>380<\/td>\n<td>480<\/td>\n<\/tr>\n<tr class=\"footableOdd\">\n<td>Tirana Flughafen \/ Kotor<\/td>\n<td>250<\/td>\n<td>290<\/td>\n<td>400<\/td>\n<td>500<\/td>\n<td>600<\/td>\n<\/tr>\n<tr class=\"footableEven\">\n<td>Tirana Flughafen \/ Podgorica<\/td>\n<td>240<\/td>\n<td>280<\/td>\n<td>350<\/td>\n<td>440<\/td>\n<td>540<\/td>\n<\/tr>\n<tr class=\"footableOdd\">\n<td>Tirana Flughafen \/ Kolasin<\/td>\n<td>290<\/td>\n<td>340<\/td>\n<td>450<\/td>\n<td>540<\/td>\n<td>640<\/td>\n<\/tr>\n<tr class=\"footableEven\">\n<td>Tirana Flughafen \/ Zabljak<\/td>\n<td>350<\/td>\n<td>450<\/td>\n<td>600<\/td>\n<td>800<\/td>\n<td>1,200<\/td>\n<\/tr>\n<tr class=\"footableOdd\">\n<td>Tirana Flughafen \/ Bar\/ Tivar<\/td>\n<td>230<\/td>\n<td>270<\/td>\n<td>300<\/td>\n<td>390<\/td>\n<td>480<\/td>\n<\/tr>\n<\/tbody>\n<\/table>\n<div id=\"comp-jv6siho3\" class=\"s_BIwzIGroupSkin\">\n<div id=\"comp-jv6siho3inlineContent\" class=\"s_BIwzIGroupSkininlineContent\">\n<div id=\"comp-jv6siho3inlineContent-gridWrapper\" data-mesh-internal=\"true\">\n<div id=\"comp-jv6siho3inlineContent-gridContainer\" data-mesh-internal=\"true\">\n<div id=\"comp-jv6sihw0\" class=\"style-jv6ru9go\" data-align=\"center\" data-disabled=\"false\" data-margin=\"0\" data-should-use-flex=\"true\" data-width=\"156\" data-height=\"40\" data-state=\"desktop shouldUseFlex center\">\n<div id=\"comp-jv6siho3\" class=\"s_BIwzIGroupSkin\">\n<div id=\"comp-jv6siho3inlineContent\" class=\"s_BIwzIGroupSkininlineContent\">\n<div id=\"comp-jv6siho3inlineContent-gridWrapper\" data-mesh-internal=\"true\">\n<div id=\"comp-jv6siho3inlineContent-gridContainer\" data-mesh-internal=\"true\">\n<div data-align=\"center\" data-disabled=\"false\" data-margin=\"0\" data-should-use-flex=\"true\" data-width=\"156\" data-height=\"40\" data-state=\"desktop shouldUseFlex center\"><\/div>\n<div id=\"comp-jv6sihw0\" class=\"style-jv6ru9go\" data-align=\"center\" data-disabled=\"false\" data-margin=\"0\" data-should-use-flex=\"true\" data-width=\"156\" data-height=\"40\" data-state=\"desktop shouldUseFlex center\"><a id=\"comp-jv6sihw0link\" class=\"g-transparent-a style-jv6ru9golink\" href=\"https:\/\/albaniaexpresstravel.com\/de\/kontakt\/\" target=\"_self\" rel=\"noopener noreferrer\" data-keep-roots=\"true\" data-anchor=\"dataItem-jv6rphg7\"><span id=\"comp-jv6sihw0label\" class=\"style-jv6ru9golabel\">JETZT BUCHEN<\/span><\/a><\/div>\n<\/div>\n<\/div>\n<\/div>\n<\/div>\n<\/div>\n<\/div>\n<\/div>\n<\/div>\n<\/div>\n<\/div>\n<\/div>\n<\/div>\n<\/div>\n<\/div>\n<div id=\"comp-jv6siho3\" class=\"s_BIwzIGroupSkin\">\n<div id=\"comp-jv6siho3inlineContent\" class=\"s_BIwzIGroupSkininlineContent\">\n<div id=\"comp-jv6siho3inlineContent-gridWrapper\" data-mesh-internal=\"true\">\n<div id=\"comp-jv6siho3inlineContent-gridContainer\" data-mesh-internal=\"true\">\n<div id=\"comp-jv6sihsb\" class=\"txtNew\" data-packed=\"true\">\n<p class=\"font_7\"><span class=\"color_2\"><span class=\"wixGuard\">\u200b<\/span><\/span><\/p>\n<\/div>\n<\/div>\n<\/div>\n<\/div>\n<\/div>\n","protected":false},"excerpt":{"rendered":"<p>Balkan Private Transfers Albania Express Travel ist im Transportbereich t\u00e4tig und bietet Transferservices von und nach Tirana City, so wie zum Tirana International Airport (TIA) und \/ oder anderen St\u00e4dten auf dem Balkan an. Seit unserer ersten Gesch\u00e4ftst\u00e4tigkeit konnten wir mit vielen Kunden aus der ganzen Welt erfolgreich zusammenarbeiten. \u00dcber den Tirana City Airport (TIA) [&hellip;]<\/p>\n","protected":false},"author":2,"featured_media":0,"parent":0,"menu_order":0,"comment_status":"closed","ping_status":"closed","template":"","meta":{"footnotes":""},"yst_prominent_words":[4354,4349,4369,4356,4358,1653,4367,4360,1654,4353,4348,4368,4361,4355,4350,4366,4359,4386,4387,1648],"class_list":["post-10053961","page","type-page","status-publish","hentry"],"_links":{"self":[{"href":"https:\/\/albaniaexpresstravel.com\/de\/wp-json\/wp\/v2\/pages\/10053961","targetHints":{"allow":["GET"]}}],"collection":[{"href":"https:\/\/albaniaexpresstravel.com\/de\/wp-json\/wp\/v2\/pages"}],"about":[{"href":"https:\/\/albaniaexpresstravel.com\/de\/wp-json\/wp\/v2\/types\/page"}],"author":[{"embeddable":true,"href":"https:\/\/albaniaexpresstravel.com\/de\/wp-json\/wp\/v2\/users\/2"}],"replies":[{"embeddable":true,"href":"https:\/\/albaniaexpresstravel.com\/de\/wp-json\/wp\/v2\/comments?post=10053961"}],"version-history":[{"count":17,"href":"https:\/\/albaniaexpresstravel.com\/de\/wp-json\/wp\/v2\/pages\/10053961\/revisions"}],"predecessor-version":[{"id":10055886,"href":"https:\/\/albaniaexpresstravel.com\/de\/wp-json\/wp\/v2\/pages\/10053961\/revisions\/10055886"}],"wp:attachment":[{"href":"https:\/\/albaniaexpresstravel.com\/de\/wp-json\/wp\/v2\/media?parent=10053961"}],"wp:term":[{"taxonomy":"yst_prominent_words","embeddable":true,"href":"https:\/\/albaniaexpresstravel.com\/de\/wp-json\/wp\/v2\/yst_prominent_words?post=10053961"}],"curies":[{"name":"wp","href":"https:\/\/api.w.org\/{rel}","templated":true}]}}