{"id":10053984,"date":"2020-02-10T09:34:45","date_gmt":"2020-02-10T09:34:45","guid":{"rendered":"https:\/\/albaniaexpresstravel.com\/geographic-position\/"},"modified":"2023-11-24T20:16:47","modified_gmt":"2023-11-24T20:16:47","slug":"geographische-lage","status":"publish","type":"page","link":"https:\/\/albaniaexpresstravel.com\/de\/geographische-lage\/","title":{"rendered":"Geographische Lage"},"content":{"rendered":"[vc_row][vc_column][vc_facebook]    <div class=\"tzElement_title \">\r\n        \r\n        <h2 class=\"tzTitle  Tz_align_center\" >\r\n            Geographische Lage        <\/h2>\r\n\r\n        \r\n    <\/div>\r\n    [\/vc_column][\/vc_row][vc_row][vc_column][vc_message]<strong>Albanien<\/strong> liegt am Adriatischen Meer und ist durch die etwa 80\u00a0km breite Meeresstra\u00dfe von Otranto von\u00a0Italien\u00a0getrennt. Im S\u00fcden grenzt das Land an\u00a0Griechenland, im Osten an\u00a0Makedonien\u00a0und im Norden an\u00a0Montenegro\u00a0und den\u00a0Kosovo.<\/p>\n<p>&nbsp;<\/p>\n<p>Zwei Drittel der insgesamt 28\u00a0748\u00a0km\u00b2 umfassenden Landesfl\u00e4che sind gebirgig und liegen oberhalb von 1\u00a0000\u00a0m. Der Norden und der Osten des Landes werden von den Albanischen Alpen eingenommen, die zum Dinarischen Faltengebirge geh\u00f6ren. Mit 2\u00a0694\u00a0m ist der Jezerca hier die h\u00f6chste Erhebung. Im S\u00fcden Albaniens finden sich Ausl\u00e4ufer des Epirus (Tumorigebirge mit H\u00f6hen bis zu 2\u00a0400\u00a0m), im mittleren Teil ein stark zergliedertes Kettengebirgsland. Im Westteil des Landes gehen die Gebirgsz\u00fcge in Mittelgebirge und H\u00fcgellandschaft \u00fcber. Zwischen diesem und dem Adriatischen Meer liegt das K\u00fcstenland Niederalbaniens, das in seinem n\u00f6rdlichen Teil eine mit Lagunen durchsetzte Schwemmlandebene darstellt (maximal 60\u00a0km breit, teilweise versumpft), im s\u00fcdlichen Teil Steilk\u00fcste ist (Albanische Riviera).<\/p>\n<p>Im gebirgigen Osten des Landes liegen auf Hochebenen gro\u00dfe Seen wie z.B. der Ohridsee an der Grenze zu Makedonien und der Prespasee, an dem auch Griechenland und Makedonien Anteil haben. Wichtigster Fluss Albaniens ist der Shkumbin, l\u00e4ngster Fluss mit rund 285\u00a0km ist der Drin, der aus einem Zusammenfluss von Wei\u00dfem und Schwarzem Drin entsteht und im Adriatischen Meer m\u00fcndet. Die Hauptstadt Albaniens ist Tirana.<\/p>\n<p><strong>Klima<\/strong><\/p>\n<p>Im Westteil des Landes in K\u00fcstenn\u00e4he herrscht mediterranes Klima mit trockenen und hei\u00dfen Sommern und milden, feuchten Wintern. Die durchschnittlichen Temperaturen in Vlor\u00eb an der S\u00fcdk\u00fcste Albaniens betragen im Januar 9\u00b0\u00a0C, im Juli 25\u00a0\u00b0C, in Tirana im Januar 7\u00a0\u00b0C, im Juli ebenfalls 25\u00a0\u00b0C. Die Niederschlagsmenge liegt im Durchschnitt bei 1\u00a0000 bis 1\u00a0200\u00a0mm pro Jahr.<\/p>\n<p>In den Gebirgsregionen und im Landesinneren ist das Klima kontinentaler, die Winter sind kalt und schneereich (mittlere Januartemperatur um 0\u00a0\u00b0C), die Sommer auch mit hohen Temperaturen (ca.\u00a020\u00b0C), aber mehr Niederschl\u00e4gen (ca.\u00a02\u00a0000 mm).<\/p>\n<p><strong>Flora und Fauna<\/strong><\/p>\n<p>Knapp ein Drittel Albaniens ist heute noch bewaldet. In den mediterran gepr\u00e4gten Landesteilen finden sich W\u00e4lder aus immergr\u00fcnen Eichen bzw. Macchie, Ginster und Dornstr\u00e4ucher an den Stellen, die abgeholzt wurden. In den h\u00f6heren Lagen kommen ausgedehnte Laubmischw\u00e4lder vor (Ulmen, Buchen, Eichen, Kastanien) sowie Kiefern und Tannen. Ab einer H\u00f6he von ungef\u00e4hr 1\u00a0800\u00a0m folgt subalpine Vegetation mit Zwergstr\u00e4uchern und Matten.<\/p>\n<p>Die Gebirge bieten R\u00fcckzugsm\u00f6glichkeiten f\u00fcr gr\u00f6\u00dfere S\u00e4ugetiere wie B\u00e4ren und W\u00f6lfe, auch leben hier Hirsche, G\u00e4msen und Wildschweine. Auch der Steinadler, das Wappentier Albaniens, findet sich im d\u00fcnn besiedelten Ostteil des Landes.<\/p>\n<p><strong>Bev\u00f6lkerung<\/strong><\/p>\n<p>Rund 3,2\u00a0Millionen Menschen leben in Albanien, davon etwa 600\u00a0000 in der Hauptstadt Tirana (Agglomeration). Etwa 95\u00a0% der Bev\u00f6lkerung sind Albaner, die sich in zwei Hauptgruppen unterteilen lassen: Im Norden des Landes leben die Gegen, im S\u00fcden die Tosken. Die seit 1945 festgelegte Amtssprache Albanisch ist ein toskischer Dialekt. An Minderheiten leben vor allem Griechen und Makedonier im Land.<\/p>\n<p>Rund 70\u00a0% der Bev\u00f6lkerung sind Muslime, etwa 30\u00a0% Christen (davon sind rund zwei Drittel Anh\u00e4nger der griechisch-orthodoxen Kirche, ein Drittel Katholiken). Trotz der im Mittelfeld liegenden Geburtenzahlen betr\u00e4gt das Bev\u00f6lkerungswachstum des Landes nur etwa 0,54\u00a0%, was an der Auswanderung vieler Menschen liegt. Der Lebensstandard ist niedrig, Albanien geh\u00f6rt zu den \u00e4rmsten L\u00e4ndern Europas. Auch in Bezug auf das Sozial- und Gesundheitswesen hat sich das Land noch nicht vom politischen Umbruch 1992 erholt.<\/p>\n<p>Die Lebenserwartung liegt bei rund 77\u00a0Jahren. Die Alphabetisierung ist beinahe umfassend.<\/p>\n<p>Politisches System<\/p>\n<p>Laut der \u00dcbergangsverfassung von 1991 ist Albanien eine parlamentarische Republik mit Mehrparteiensystem. 1998 wurde eine neue Verfassung vom Parlament angenommen. Staatsoberhaupt ist der Staatspr\u00e4sident (seit 2012 Bujar Nishani), der vom Parlament (Volksversammlung) f\u00fcr f\u00fcnf Jahre gew\u00e4hlt wird. Regierungschef ist der Ministerpr\u00e4sident (Premierminister, seit 2013 Edi Rama). Auf seinen Vorschlag hin ernennt der Staatspr\u00e4sident die Minister des Kabinetts.<\/p>\n<p>Die Legislative liegt bei der Volksversammlung (Kuvendi Popullor), die 140 Sitze hat. Die\u00a0Abgeordneten werden in einer Verh\u00e4ltniswahl vom Volk auf vier Jahre bestimmt. Die ma\u00dfgeblichen politischen Gruppierungen in Albanien sind die Demokratische Partei und die Sozialistische Partei.<\/p>\n<p>Albanien ist in 12 Bezirke gegliedert. Entscheidungen des Verfassungsgerichts binden die Staatsorgane. Es gibt einen Obersten Gerichtshof.<\/p>\n<p><strong>Wirtschaft<\/strong><\/p>\n<p>Der politische Umbruch 1992 mit der Abkehr vom Kommunismus und der \u00d6ffnung der M\u00e4rkte f\u00fchrte das ohnehin entwicklungsschwache und arme Land an den Rand des wirtschaftlichen Zusammenbruchs. Zwar hat es seit 1998 bedeutende Fortschritte erzielt, trotzdem geh\u00f6rt der landwirtschaftlich gepr\u00e4gte Staat nach wie vor zu den \u00e4rmsten L\u00e4ndern Europas. Albanien erh\u00e4lt weiterhin Auslandshilfe, v.a. aus der EU. Das Wirtschaftswachstum liegt seit mehreren Jahren konstant bei rund 6\u00a0%, kommt aber vor allem durch \u00dcberweisungen von Auslandsalbanern und informelle Baut\u00e4tigkeit zustande. Probleme bereiten u. a. die weitverbreitete Korruption und Energieengp\u00e4sse, die zu h\u00e4ufigen Stromausf\u00e4llen f\u00fchren. Ein weiteres Hindernis f\u00fcr den wirtschaftlichen Aufschwung ist die schlecht ausgebaute Infrastruktur des Landes. Ein Autobahnnetz befindet sich seit 2000 in st\u00e4ndigem Ausbau.<\/p>\n<p>&nbsp;<\/p>\n<p>Ein wichtiger Wirtschaftszweig in Albanien ist die Landwirtschaft, die den fruchtbaren Boden des Landes nutzen kann; hier sind knapp die H\u00e4lfte der Erwerbst\u00e4tigen besch\u00e4ftigt. Angebaut werden vor allem Obst und Gem\u00fcse sowie Weizen, Mais und Zuckerr\u00fcben. In den westlichen Gebieten des Landes gedeihen Baumwolle, Oliven, Zitrusfr\u00fcchte und Wein. Albanien exportiert auch Tabak. 20\u00a0% der Erwerbst\u00e4tigen sind im Dienstleistungssektor und 36\u00a0% in der Industrie besch\u00e4ftigt.<\/p>\n<p>Der Energiebedarf des Landes kann aus eigenen Vorkommen gedeckt werden (Erd\u00f6l, Erdgas, Kohle). Bei der Industrie stehen die Verarbeitungsbetriebe f\u00fcr die bergbaulichen Rohstoffe im Vordergrund, weiter spielen Betriebe aus den Bereichen Nahrungsmittelverarbeitung, Textilien und Bekleidung, Chemie und Baustoffherstellung eine Rolle. Zu den Hauptexportg\u00fctern geh\u00f6ren Erd\u00f6l, Textilien und Bekleidung, Rohstoffe sowie Eisen und Stahl, importiert werden vor allem Nahrungsmittel, Erd\u00f6l und chemische Produkte. Wichtigster Handelspartner ist Italien (31\u00a0% des Imports und 53\u00a0% des Exports), gefolgt von Griechenland und der T\u00fcrkei.<\/p>\n<p>W\u00e4hrung ist der albanische Lek (= 100\u00a0Qindarka).[\/vc_message][\/vc_column][\/vc_row]\n","protected":false},"excerpt":{"rendered":"<p>[vc_row][vc_column][vc_facebook][\/vc_column][\/vc_row][vc_row][vc_column][vc_message]Albanien liegt am Adriatischen Meer und ist durch die etwa 80\u00a0km breite Meeresstra\u00dfe von Otranto von\u00a0Italien\u00a0getrennt. Im S\u00fcden grenzt das Land an\u00a0Griechenland, im Osten an\u00a0Makedonien\u00a0und im Norden an\u00a0Montenegro\u00a0und den\u00a0Kosovo. &nbsp; Zwei Drittel der insgesamt 28\u00a0748\u00a0km\u00b2 umfassenden Landesfl\u00e4che sind gebirgig und liegen oberhalb von 1\u00a0000\u00a0m. Der Norden und der Osten des Landes werden von den Albanischen [&hellip;]<\/p>\n","protected":false},"author":2,"featured_media":0,"parent":0,"menu_order":0,"comment_status":"closed","ping_status":"closed","template":"","meta":{"footnotes":""},"yst_prominent_words":[1425,1231,1424,1417,1422,1195,1244,1171,1420,1415,1166,1418,1419,1227,1427,1426,1421,1423,1416,1414],"class_list":["post-10053984","page","type-page","status-publish","hentry"],"_links":{"self":[{"href":"https:\/\/albaniaexpresstravel.com\/de\/wp-json\/wp\/v2\/pages\/10053984","targetHints":{"allow":["GET"]}}],"collection":[{"href":"https:\/\/albaniaexpresstravel.com\/de\/wp-json\/wp\/v2\/pages"}],"about":[{"href":"https:\/\/albaniaexpresstravel.com\/de\/wp-json\/wp\/v2\/types\/page"}],"author":[{"embeddable":true,"href":"https:\/\/albaniaexpresstravel.com\/de\/wp-json\/wp\/v2\/users\/2"}],"replies":[{"embeddable":true,"href":"https:\/\/albaniaexpresstravel.com\/de\/wp-json\/wp\/v2\/comments?post=10053984"}],"version-history":[{"count":9,"href":"https:\/\/albaniaexpresstravel.com\/de\/wp-json\/wp\/v2\/pages\/10053984\/revisions"}],"predecessor-version":[{"id":10059582,"href":"https:\/\/albaniaexpresstravel.com\/de\/wp-json\/wp\/v2\/pages\/10053984\/revisions\/10059582"}],"wp:attachment":[{"href":"https:\/\/albaniaexpresstravel.com\/de\/wp-json\/wp\/v2\/media?parent=10053984"}],"wp:term":[{"taxonomy":"yst_prominent_words","embeddable":true,"href":"https:\/\/albaniaexpresstravel.com\/de\/wp-json\/wp\/v2\/yst_prominent_words?post=10053984"}],"curies":[{"name":"wp","href":"https:\/\/api.w.org\/{rel}","templated":true}]}}