{"id":10054006,"date":"2020-02-20T19:19:14","date_gmt":"2020-02-20T19:19:14","guid":{"rendered":"https:\/\/albaniaexpresstravel.com\/?page_id=10054006"},"modified":"2021-01-09T19:15:14","modified_gmt":"2021-01-09T19:15:14","slug":"mietwagen-albanien","status":"publish","type":"page","link":"https:\/\/albaniaexpresstravel.com\/de\/mietwagen-albanien\/","title":{"rendered":"Mietwagen Albanien"},"content":{"rendered":"[vc_row][vc_column][vc_facebook]    <div class=\"tzElement_title \">\r\n        \r\n        <h2 class=\"tzTitle  Tz_align_center\" >\r\n            Mieten Sie ein Wagen in Albanien        <\/h2>\r\n\r\n        \r\n    <\/div>\r\n    [\/vc_column][\/vc_row][vc_row][vc_column][vc_message]Albanien oder offiziell die Republik Albanien grenzt an Montenegro, Mazedonien und Griechenland, w\u00e4hrend die Adria und das Ionische Meer die K\u00fcste s\u00e4umen. Es gibt viele Gr\u00fcnde, Albanien und seine Highlights mit einem Mietwagen zu besuchen, um es noch angenehmer zu machen! Machen Sie eine angenehme Fahrt und genie\u00dfen Sie atemberaubende Ausblicke wie die Vlore-Saranda-Bergstra\u00dfe oder versuchen Sie eine abenteuerlichere Route zum Gipfel des Dajti-Berges. Wenn Ihnen die Landschaft nicht ausreicht, bringt Sie ein Mietwagen in einer Stadt wie Tirana nahtlos von kulturellen Veranstaltungen zu historischen Denkm\u00e4lern.<\/p>\n<p><strong>ALBANIA MIETWAGEN ALTERSANFORDERUNGEN<\/strong><\/p>\n<p>Das Mindestalter f\u00fcr die Anmietung eines Autos in Albanien betr\u00e4gt 21 Jahre. Die Altersanforderungen f\u00fcr Mietwagen k\u00f6nnen je nach Anbieter variieren, und die meisten Anbieter erheben f\u00fcr Mieter unter 25 Jahren eine lokale Geb\u00fchr, die als Zuschlag f\u00fcr junge Fahrer bezeichnet wird. Der Zuschlag f\u00fcr junge Fahrer kann in Albanien teuer sein und zwischen 15 und 40 Euro pro Tag variieren .[\/vc_message]    <div class=\"tzElement_title \">\r\n        \r\n        <h2 class=\"tzTitle  Tz_align_center\" >\r\n            Dies sind einige unserer Autos        <\/h2>\r\n\r\n        \r\n    <\/div>\r\n    [\/vc_column][\/vc_row][vc_row][vc_column width=&#8221;1\/2&#8243;]    <div class=\"tzElement_Services  \">\r\n        <div class=\"icon\">\r\n                            <img decoding=\"async\" src=\"https:\/\/albaniaexpresstravel.com\/wp-content\/uploads\/2020\/02\/albania-express-travel-carrental.jpg\" alt=\"image-services\">\r\n                    <\/div>\r\n\r\n                    <span class=\"title\">\r\n                Skoda Fabia            <\/span>\r\n                            <p class=\"descriptions\">\r\n                30 Euro pro Tag            <\/p>\r\n            <\/div>\r\n\r\n    [\/vc_column][vc_column width=&#8221;1\/2&#8243;]    <div class=\"tzElement_Services  \">\r\n        <div class=\"icon\">\r\n                            <img decoding=\"async\" src=\"https:\/\/albaniaexpresstravel.com\/wp-content\/uploads\/2020\/02\/albania-express-travel-rent-a-car-1.jpg\" alt=\"image-services\">\r\n                    <\/div>\r\n\r\n                    <span class=\"title\">\r\n                Scoda Octavia            <\/span>\r\n                            <p class=\"descriptions\">\r\n                35 Euro pro Tag            <\/p>\r\n            <\/div>\r\n\r\n    [\/vc_column][\/vc_row]\n","protected":false},"excerpt":{"rendered":"<p>[vc_row][vc_column][vc_facebook][\/vc_column][\/vc_row][vc_row][vc_column][vc_message]Albanien oder offiziell die Republik Albanien grenzt an Montenegro, Mazedonien und Griechenland, w\u00e4hrend die Adria und das Ionische Meer die K\u00fcste s\u00e4umen. Es gibt viele Gr\u00fcnde, Albanien und seine Highlights mit einem Mietwagen zu besuchen, um es noch angenehmer zu machen! Machen Sie eine angenehme Fahrt und genie\u00dfen Sie atemberaubende Ausblicke wie die Vlore-Saranda-Bergstra\u00dfe oder [&hellip;]<\/p>\n","protected":false},"author":2,"featured_media":0,"parent":0,"menu_order":0,"comment_status":"closed","ping_status":"closed","template":"","meta":{"footnotes":""},"yst_prominent_words":[1024,1172,1022,1232,1023,2010,2433,1841,1301,1018,2453,1825],"class_list":["post-10054006","page","type-page","status-publish","hentry"],"_links":{"self":[{"href":"https:\/\/albaniaexpresstravel.com\/de\/wp-json\/wp\/v2\/pages\/10054006","targetHints":{"allow":["GET"]}}],"collection":[{"href":"https:\/\/albaniaexpresstravel.com\/de\/wp-json\/wp\/v2\/pages"}],"about":[{"href":"https:\/\/albaniaexpresstravel.com\/de\/wp-json\/wp\/v2\/types\/page"}],"author":[{"embeddable":true,"href":"https:\/\/albaniaexpresstravel.com\/de\/wp-json\/wp\/v2\/users\/2"}],"replies":[{"embeddable":true,"href":"https:\/\/albaniaexpresstravel.com\/de\/wp-json\/wp\/v2\/comments?post=10054006"}],"version-history":[{"count":12,"href":"https:\/\/albaniaexpresstravel.com\/de\/wp-json\/wp\/v2\/pages\/10054006\/revisions"}],"predecessor-version":[{"id":10058687,"href":"https:\/\/albaniaexpresstravel.com\/de\/wp-json\/wp\/v2\/pages\/10054006\/revisions\/10058687"}],"wp:attachment":[{"href":"https:\/\/albaniaexpresstravel.com\/de\/wp-json\/wp\/v2\/media?parent=10054006"}],"wp:term":[{"taxonomy":"yst_prominent_words","embeddable":true,"href":"https:\/\/albaniaexpresstravel.com\/de\/wp-json\/wp\/v2\/yst_prominent_words?post=10054006"}],"curies":[{"name":"wp","href":"https:\/\/api.w.org\/{rel}","templated":true}]}}