{"id":10053986,"date":"2020-02-10T09:34:45","date_gmt":"2020-02-10T09:34:45","guid":{"rendered":"https:\/\/albaniaexpresstravel.com\/geographic-position\/"},"modified":"2023-11-24T18:49:57","modified_gmt":"2023-11-24T18:49:57","slug":"geografia-dell-albania","status":"publish","type":"page","link":"https:\/\/albaniaexpresstravel.com\/it\/geografia-dell-albania\/","title":{"rendered":"Geografia dell&#8217;Albania"},"content":{"rendered":"[vc_row][vc_column][vc_facebook]    <div class=\"tzElement_title \">\r\n        \r\n        <h2 class=\"tzTitle  Tz_align_center\" >\r\n            Geografia dell'Albania        <\/h2>\r\n\r\n        \r\n    <\/div>\r\n    [\/vc_column][\/vc_row][vc_row][vc_column][vc_message]\n<p style=\"text-align: justify; margin: 0in 0in 6.75pt 0in;\"><strong>L&#8217;Albania<\/strong>\u00a0\u00e8 un paese del Sud-Est Europa, situata nella parte occidentale della penisola balcanica, tra le coordinate geografiche: 39 16&#8242; di latitudine e 42 39&#8242; di longitudine. L&#8217;Albania \u00e8 quasi a met\u00e0 strada tra Equatore e il Polo Nord, e copre una superficie di 28.748 km2. La lunghezza complessiva della linea di confine della Repubblica di Albania \u00e8 di 1094 km, dei quali 657 km \u00e8 terra di confine, 316 km di mare, 48 km di fiume-frontiera e 73 km lago di confine. Confina a nord-ovest con il Montenegro, a nord-est con il Kosovo, a est con la Macedonia e a sud con la Grecia; In Occidente, l&#8217;Albania \u00e8 bagnata dal Mare Adriatico e dal Mar Ionio. L&#8217;altitudine media \u00e8 di 708 m, cio\u00e8 quindi, perci\u00f2 due volte superiore a quella dell&#8217;Europa. L&#8217;Albania \u00e8 inclusa nella zona umida subtropicale dell&#8217;emisfero settentrionale, e appartiene alla zona di clima mediterraneo.<\/p>\n<h4 style=\"text-align: justify; margin: 0in 0in 6.75pt 0in;\"><strong>Clima<\/strong><\/h4>\n<p style=\"text-align: justify; margin: 0in 0in 6.75pt 0in;\">Le aree costiere: clima mediterraneo centrale, l&#8217;inverno mite e umido, l&#8217;estate calda e secca. Aree alpine: clima centrale continentale, inverno freddo e gelido , estate umida.<\/p>\n<h4 style=\"text-align: justify; margin: 0in 0in 6.75pt 0in;\"><\/h4>\n<h4 style=\"text-align: justify; margin: 0in 0in 6.75pt 0in;\"><strong>Rilievo\u00a0<\/strong><\/h4>\n<p style=\"text-align: justify; margin: 0in 0in 6.75pt 0in;\">Albania occidentale &#8211; Pianura ; Bassopiano &#8211; Albania Orientale; rilievo alpino\/montuoso &#8211; Albania del Nord; la cima pi\u00f9 alta &#8211; Monte Korab (2.753 m)<\/p>\n<h4 style=\"text-align: justify; margin: 0in 0in 6.75pt 0in;\"><strong>Popolazione<\/strong><\/h4>\n<p style=\"text-align: justify; margin: 0in 0in 6.75pt 0in;\">La popolazione dell\u2019Albania \u00e8 di 3.150.886 di abitanti. La maggioranza della popolazione \u00e8 albanese, con le minoranze etniche che rappresentano solo il 2% circa della popolazione. La minoranza \u00e8 composta principalmente da greci e da macedoni. (World Bank, 2009)..<\/p>\n<h4 style=\"text-align: justify; margin: 0in 0in 6.75pt 0in;\"><strong>La \u00a0capitale<\/strong><\/h4>\n<p style=\"text-align: justify; margin: 0in 0in 6.75pt 0in;\">Tirana (dal 1920)<\/p>\n<h4 style=\"text-align: justify; margin: 0in 0in 6.75pt 0in;\"><strong>Citta principali<\/strong><\/h4>\n<p style=\"text-align: justify; margin: 0in 0in 6.75pt 0in;\">Durazzo, Valona, Saranda, Scutari, Berat, Korca, Girocastro, Elbasani,<\/p>\n<h4 style=\"text-align: justify; margin: 0in 0in 6.75pt 0in;\"><strong>Lingua ufficiale<\/strong>\u00a0&#8211; albanese<\/h4>\n<p style=\"text-align: justify; margin: 0in 0in 6.75pt 0in;\">La lingua albanese \u00e8 una lingua indo-europea e rappresenta un ramo distinto di questa famiglia sulle basi della sua idiosincrasia per il suo carattere proprio. Il geografo greco Ptholemeous, ha dato testimonianza della \u00a0presenza di albanesi e della lingua albanese \u00a0nel II secolo d.C.. Il nome &#8220;Shqiperi&#8221; (Albania) ha sostituito il &#8220;vecchio&#8221; nome &#8220;Arberi&#8221;(o Arbani) alla fine del XVII secolo, a causa delle nuove condizioni storiche create e ha mirato a dare importanza\/mettere in risalto il al collegamento tra la nozione di nazione e l&#8217;uso della lingua albanese, che a quell\u2019epoca \u00a0era chiamata &#8220;Shqip&#8221;. La lingua albanese (scritta e parlata) \u00e8 utilizzata anche nella maggior parte del Kosovo e in alcune parti del territorio della Serbia, del Montenegro e della Macedonia, dove vivono comunit\u00e0 di etnia albanese.<\/p>\n<h4 style=\"text-align: justify; margin: 0in 0in 6.75pt 0in;\"><strong>Sistema Politico<\/strong><\/h4>\n<p style=\"text-align: justify; margin: 0in 0in 6.75pt 0in;\">L\u2019Albania \u00e8 Repubblica parlamentare.<\/p>\n<h4 style=\"text-align: justify; margin: 0in 0in 6.75pt 0in;\"><strong>Bandiera \u00a0<\/strong><\/h4>\n<p style=\"text-align: justify; margin: 0in 0in 6.75pt 0in;\">La bandiera nazionale della Repubblica d&#8217;Albania rappresenta un aquila bicefala nera con le ali aperte nel mezzo di uno sfondo rosso.<\/p>\n<h4 style=\"text-align: justify; margin: 0in 0in 6.75pt 0in;\"><strong>Il sfondo storico<\/strong><\/h4>\n<p style=\"text-align: justify; margin: 0in 0in 6.75pt 0in;\">I territori dell&#8217;Albania di oggi sono stati popolati \u00a0100.000 anni prima.<\/p>\n<p style=\"text-align: justify; margin: 0in 0in 6.75pt 0in;\">All&#8217;inizio del terzo millennio avanti Cristo, \u00e8 nata la \u00a0popolazione indo &#8211; europea. Come risultato di questa miscela \u00e8 stata creata una popolazione che ha conservato le caratteristiche di specificit\u00e0 culturali e linguistiche nella penisola balcanica i Pelasgi. Sulla base della popolazione anticha, tra il secondo \u00a0millennio e il primo secolo avanti Cristo nacque, prese origine la popolazione illirica.<\/p>\n<p style=\"text-align: justify; margin: 0in 0in 6.75pt 0in;\">I Greci sbarcarono in Epidamos (oggi Durazzo), Butrint e Apollonia nel VII secolo avanti Cristo per decidere dove \u00a0insediare le \u00a0loro colonie. Cos\u00ec come i greci, gli Illiri, anche se sotto la dominazione romana per secoli non sono \u00a0riusciti a conservare la propria lingua e tradizioni.<\/p>\n<p style=\"text-align: justify; margin: 0in 0in 6.75pt 0in;\">La rotta commerciale pi\u00f9 importante tra Roma e Costantimopoli era la via Egnatia (opp. Via Ignazia) che passava attraverso il porto di Durazzo. Alla fine del 14 secolo, l&#8217;Albania f\u00f9 occupata dall&#8217;Impero Romano. Dal 1443 fino al 1468 l&#8217;eroe nazionale Scanderbeg (Gjergj Kastrioti) guid\u00f2 la resistenza albanese, vincendo 25 battaglie contro \u00a0i turchi.<\/p>\n<p style=\"text-align: justify; margin: 0in 0in 6.75pt 0in;\">Per un periodo \u00a0molto breve, dopo la morte di Scanderbeg, gli ottomani sconfissero la resistenza albanese, e nell 1479 presero il \u00a0controllo del paese.<\/p>\n<p style=\"text-align: justify; margin: 0in 0in 6.75pt 0in;\">26 anni dopo, cadde Costantinopoli. Per pi\u00f9 di 400 anni, l&#8217;Albania \u00e8 stata sotto l\u2019occupazione ottomana. Le rivolte successive e gli sforzi hanno portato nel 1912 \u00a0l&#8217;indipendenza. Dal 1912 fino alla fine della prima guerra mondiale il nostro paese \u00e8 stato costantemente attaccato dai paesi vicini . Il paese venne occupato dalle forze di Mussolini nel 1939, ponendo fine al regime della monarchia, che dur\u00f2 11 anni. Nel 1943 il paese venne occupato dalle forze tedesche. La resistenza agli attacchi \u00e8 nota come \u201cLa Fronte Antifascista di Liberazione Nazionale\u201d.<\/p>\n<p style=\"text-align: justify; margin: 0in 0in 6.75pt 0in;\">Il partito comunista ascese al potere nel novembre 1944, quando le forze straniere lasciarono il paese.<\/p>\n<p style=\"text-align: justify; margin: 0in 0in 6.75pt 0in;\">Alla fine, il regime totalitario \u00e8 stato istituito sotto la guida del leader comunista Enver Hoxha. Per 50 anni, il paese era in completo isolamento a causa della politica che \u00e8 stata perseguita \u00a0in quel momento. La politica di isolamento ha lasciato il paese in condizioni di povert\u00e0 economica fino al 1991.<\/p>\n<p style=\"text-align: justify; margin: 0in 0in 6.75pt 0in;\">Dal 1991 al 1997 il paese \u00e8 stato guidato dal Partito democratico, e in seguito dal Partito socialista e i suoi alleati (2005-2007). Dopo le ultime elezioni del 3 luglio 2005, la coalizione del Partito Democratico ha preso il nuovo potere .La politica albanese si propone di integrare il paese nella Unione Europea.<\/p>\n[\/vc_message][\/vc_column][\/vc_row]\n","protected":false},"excerpt":{"rendered":"<p>[vc_row][vc_column][vc_facebook][\/vc_column][\/vc_row][vc_row][vc_column][vc_message] L&#8217;Albania\u00a0\u00e8 un paese del Sud-Est Europa, situata nella parte occidentale della penisola balcanica, tra le coordinate geografiche: 39 16&#8242; di latitudine e 42 39&#8242; di longitudine. L&#8217;Albania \u00e8 quasi a met\u00e0 strada tra Equatore e il Polo Nord, e copre una superficie di 28.748 km2. La lunghezza complessiva della linea di confine della Repubblica [&hellip;]<\/p>\n","protected":false},"author":2,"featured_media":0,"parent":0,"menu_order":0,"comment_status":"closed","ping_status":"closed","template":"","meta":{"footnotes":""},"yst_prominent_words":[2657,2652,2624,2651,2647,2344,2658,2648,2616,2650,2654,2656,2347,2655,2345,2659,2649,2653,2346,2660],"class_list":["post-10053986","page","type-page","status-publish","hentry"],"_links":{"self":[{"href":"https:\/\/albaniaexpresstravel.com\/it\/wp-json\/wp\/v2\/pages\/10053986","targetHints":{"allow":["GET"]}}],"collection":[{"href":"https:\/\/albaniaexpresstravel.com\/it\/wp-json\/wp\/v2\/pages"}],"about":[{"href":"https:\/\/albaniaexpresstravel.com\/it\/wp-json\/wp\/v2\/types\/page"}],"author":[{"embeddable":true,"href":"https:\/\/albaniaexpresstravel.com\/it\/wp-json\/wp\/v2\/users\/2"}],"replies":[{"embeddable":true,"href":"https:\/\/albaniaexpresstravel.com\/it\/wp-json\/wp\/v2\/comments?post=10053986"}],"version-history":[{"count":11,"href":"https:\/\/albaniaexpresstravel.com\/it\/wp-json\/wp\/v2\/pages\/10053986\/revisions"}],"predecessor-version":[{"id":10059515,"href":"https:\/\/albaniaexpresstravel.com\/it\/wp-json\/wp\/v2\/pages\/10053986\/revisions\/10059515"}],"wp:attachment":[{"href":"https:\/\/albaniaexpresstravel.com\/it\/wp-json\/wp\/v2\/media?parent=10053986"}],"wp:term":[{"taxonomy":"yst_prominent_words","embeddable":true,"href":"https:\/\/albaniaexpresstravel.com\/it\/wp-json\/wp\/v2\/yst_prominent_words?post=10053986"}],"curies":[{"name":"wp","href":"https:\/\/api.w.org\/{rel}","templated":true}]}}