{"id":10054001,"date":"2020-02-26T16:05:35","date_gmt":"2020-02-26T16:05:35","guid":{"rendered":"https:\/\/albaniaexpresstravel.com\/?page_id=10054001"},"modified":"2021-01-09T19:14:26","modified_gmt":"2021-01-09T19:14:26","slug":"noleggio-auto-in-albania","status":"publish","type":"page","link":"https:\/\/albaniaexpresstravel.com\/it\/noleggio-auto-in-albania\/","title":{"rendered":"Noleggio Auto in Albania"},"content":{"rendered":"[vc_row][vc_column][vc_facebook]    <div class=\"tzElement_title \">\r\n        \r\n        <h2 class=\"tzTitle  Tz_align_center\" >\r\n            NOLEGGIO AUTO IN ALBANIA        <\/h2>\r\n\r\n        \r\n    <\/div>\r\n    [\/vc_column][\/vc_row][vc_row][vc_column][vc_message]La Repubblica d&#8217;Albania, confina con il Montenegro, la Macedonia, Kosovo e la Grecia, mentre il mare Adriatico e il Mar Ionio costeggiano la sua costa. Ci sono molti motivi per visitare l&#8217;Albania e vederli tutti con un&#8217;auto a noleggio pu\u00f2 renderlo ancora pi\u00f9 piacevole! Fai un giro in auto e viste meravigliose come sulla strada di montagna Valona-Saranda, oppure prova un percorso pi\u00f9 avventuroso fino alla cima del monte di Dajti. Quando il paesaggio non \u00e8 abbastanza per te, un&#8217;auto a noleggio in una citt\u00e0 come Tirana ti porter\u00e0 senza problemi da eventi culturali a monumenti storici<\/p>\n<h4><span lang=\"it\">REQUISITI DI ET\u00c0 DELL&#8217;AUTO A NOLEGGIO IN ALBANIA<\/span><\/h4>\n<p>L&#8217;et\u00e0 minima per noleggiare un&#8217;auto in Albania \u00e8 di 21 anni. Il supplemento per i giovani conducenti pu\u00f2 essere costoso in Albania e pu\u00f2 variare tra 15-40 euro al giorno. I conducenti di et\u00e0 superiore ai 70 anni dovrebbero prestare molta attenzione alle restrizioni di et\u00e0 nel processo di prenotazione, per essere sicuri di non aver bisogno di documentazione aggiuntiva per il ritiro della propria auto a noleggio in Albania. Gli affittuari di et\u00e0 superiore ai 70 anni devono chiamare un agente prenotazioni Alania Express Travel al numero +355 68 28 26 670 prima del viaggio.[\/vc_message]    <div class=\"tzElement_title \">\r\n        \r\n        <h2 class=\"tzTitle  Tz_align_center\" >\r\n            Queste sono alcune delle nostre Auto        <\/h2>\r\n\r\n        \r\n    <\/div>\r\n    [\/vc_column][\/vc_row][vc_row][vc_column width=&#8221;1\/2&#8243;]    <div class=\"tzElement_Services  \">\r\n        <div class=\"icon\">\r\n                            <img decoding=\"async\" src=\"\" alt=\"image-services\">\r\n                    <\/div>\r\n\r\n                    <span class=\"title\">\r\n                Scoda Fabia            <\/span>\r\n                            <p class=\"descriptions\">\r\n                30 Euro al Giorno            <\/p>\r\n            <\/div>\r\n\r\n    [\/vc_column][vc_column width=&#8221;1\/2&#8243;]    <div class=\"tzElement_Services  \">\r\n        <div class=\"icon\">\r\n                            <img decoding=\"async\" src=\"\" alt=\"image-services\">\r\n                    <\/div>\r\n\r\n                    <span class=\"title\">\r\n                Scoda Octavia            <\/span>\r\n                            <p class=\"descriptions\">\r\n                35 Euro al Giorno            <\/p>\r\n            <\/div>\r\n\r\n    [\/vc_column][\/vc_row]\n","protected":false},"excerpt":{"rendered":"<p>[vc_row][vc_column][vc_facebook][\/vc_column][\/vc_row][vc_row][vc_column][vc_message]La Repubblica d&#8217;Albania, confina con il Montenegro, la Macedonia, Kosovo e la Grecia, mentre il mare Adriatico e il Mar Ionio costeggiano la sua costa. Ci sono molti motivi per visitare l&#8217;Albania e vederli tutti con un&#8217;auto a noleggio pu\u00f2 renderlo ancora pi\u00f9 piacevole! Fai un giro in auto e viste meravigliose come sulla strada [&hellip;]<\/p>\n","protected":false},"author":2,"featured_media":0,"parent":0,"menu_order":0,"comment_status":"closed","ping_status":"closed","template":"","meta":{"footnotes":""},"yst_prominent_words":[4477,4476,4468,4469,4465,4461,4459,4474,4466,4462,4460,2033,2020,4478,4473,4475,4467,4463,4472],"class_list":["post-10054001","page","type-page","status-publish","hentry"],"_links":{"self":[{"href":"https:\/\/albaniaexpresstravel.com\/it\/wp-json\/wp\/v2\/pages\/10054001","targetHints":{"allow":["GET"]}}],"collection":[{"href":"https:\/\/albaniaexpresstravel.com\/it\/wp-json\/wp\/v2\/pages"}],"about":[{"href":"https:\/\/albaniaexpresstravel.com\/it\/wp-json\/wp\/v2\/types\/page"}],"author":[{"embeddable":true,"href":"https:\/\/albaniaexpresstravel.com\/it\/wp-json\/wp\/v2\/users\/2"}],"replies":[{"embeddable":true,"href":"https:\/\/albaniaexpresstravel.com\/it\/wp-json\/wp\/v2\/comments?post=10054001"}],"version-history":[{"count":16,"href":"https:\/\/albaniaexpresstravel.com\/it\/wp-json\/wp\/v2\/pages\/10054001\/revisions"}],"predecessor-version":[{"id":10055354,"href":"https:\/\/albaniaexpresstravel.com\/it\/wp-json\/wp\/v2\/pages\/10054001\/revisions\/10055354"}],"wp:attachment":[{"href":"https:\/\/albaniaexpresstravel.com\/it\/wp-json\/wp\/v2\/media?parent=10054001"}],"wp:term":[{"taxonomy":"yst_prominent_words","embeddable":true,"href":"https:\/\/albaniaexpresstravel.com\/it\/wp-json\/wp\/v2\/yst_prominent_words?post=10054001"}],"curies":[{"name":"wp","href":"https:\/\/api.w.org\/{rel}","templated":true}]}}